{"id":2165,"date":"2024-05-10T07:29:07","date_gmt":"2024-05-10T07:29:07","guid":{"rendered":"https:\/\/www.pro-canyon.com\/?page_id=2165"},"modified":"2024-05-13T14:16:47","modified_gmt":"2024-05-13T14:16:47","slug":"cgv","status":"publish","type":"page","link":"https:\/\/www.experience-verdon.com\/de\/cgv\/","title":{"rendered":"AGB"},"content":{"rendered":"<!--themify_builder_content-->\n<div id=\"themify_builder_content-2165\" data-postid=\"2165\" class=\"themify_builder_content themify_builder_content-2165 themify_builder tf_clear\">\n                    <div  data-lazy=\"1\" class=\"module_row themify_builder_row tb_jla0682 tb_first tf_w\">\n                        <div class=\"row_inner col_align_top tb_col_count_1 tf_box tf_rel\">\n                        <div  data-lazy=\"1\" class=\"module_column tb-column col-full tb_5sy7682 first\">\n                    <!-- module text -->\n<div  class=\"module module-text tb_jv5a771\" data-lazy=\"1\">\n        <div  class=\"tb_text_wrap\">\n        <h1>Allgemeine Gesch\u00e4ftsbedingungen<\/h1><h2>Wie kann ich teilnehmen?<\/h2><p>Alle Personen, die an den angebotenen Aktivit\u00e4ten teilnehmen m\u00f6chten: Canyoning, Klettern, Klettersteig\/Cordata, Wandern sowie Aqua-Rando, Rafting und andere verwandte Disziplinen, m\u00fcssen die Sicherheitsbedingungen einhalten und die allgemeinen Gesch\u00e4ftsbedingungen zur Kenntnis nehmen:<\/p><ul><li>Beim Bureau des Guides de Canyon: 3, Rue Mazeau 04120 Castellane<\/li><li>Auf dieser Website.<\/li><\/ul><h2>Wie melde ich mich an?<\/h2><ul><li>Im Bureau des Guides de Canyon: 3, Rue Mazeau 04120 Castellane;<\/li><li>auf dieser Website \u00fcber das Kontaktformular<\/li><li>per Telefon unter 04 92 83 05 64.<\/li><\/ul><p><strong>Jede Person<\/strong> (au\u00dfer Minderj\u00e4hrige) <strong>muss seinen Vor- und Nachnamen sowie seine Unterschrift anbringen<\/strong> auf dem Leistungsschein, nachdem er\/sie den Allgemeinen Gesch\u00e4ftsbedingungen zugestimmt hat.<\/p><p>Bei der Anmeldung direkt im \"Bureau des Guides de Canyon\" muss der gesamte Betrag f\u00fcr die Leistung bezahlt werden.<\/p><p>Auf der Website wird eine Anzahlung in H\u00f6he von 50 % des Gesamtpreises der Leistung verlangt. Der Restbetrag muss 7 Tage vor dem Datum der gew\u00e4hlten Aktivit\u00e4t bei uns eingehen (\u00fcbermitteln Sie uns den Leistungsschein per E-Mail oder per Post).<\/p><h2>Wie kann ich eine Anmeldung stornieren?<\/h2><p>Sie haben eine Anzahlung geleistet oder die gesamte Leistung bezahlt. Wenn Sie die Anmeldung stornieren m\u00f6chten, m\u00fcssen Sie dies 7 Tage vor dem Datum der Teilnahme an der Aktivit\u00e4t tun (per Post oder E-Mail), in diesem Fall wird Ihnen die Anzahlung zur\u00fcckerstattet.<\/p><p><strong>Wenn diese Frist (von 7 Tagen) nicht eingehalten wird, wird die Anzahlung (50%) nicht zur\u00fcckerstattet.<\/strong><\/p><p>Wenn wir gezwungen sind, eine Leistung aus Sicherheitsgr\u00fcnden zu stornieren, dann wird die <strong>die gesamte Leistung wird Ihnen zur\u00fcckerstattet<\/strong> (ohne Ausgleichszahlung).<\/p><h2>Sicherheitsregeln :<\/h2><ul><li><strong>Pflicht, schwimmen zu k\u00f6nnen<\/strong> f\u00fcr alle Teilnehmer, die Wassersportaktivit\u00e4ten aus\u00fcben m\u00f6chten;<\/li><li><strong>Elterliche Erlaubnis<\/strong> <strong>obligatorisch<\/strong> f\u00fcr Minderj\u00e4hrige unter 18 Jahren, die an den Aktivit\u00e4ten teilnehmen m\u00f6chten. Jeder F\u00fchrer im B\u00fcro der Canyoningf\u00fchrer beh\u00e4lt sich das Recht vor, \u00fcber das Mindestalter von Minderj\u00e4hrigen f\u00fcr die Teilnahme an Aktivit\u00e4ten zu entscheiden;<\/li><li><strong>Keine medizinischen Gegenanzeigen haben<\/strong> oder, falls diese minimal ist, den Reiseleiter dar\u00fcber informieren;<\/li><li><strong>Befolgung von Sicherheitshinweisen<\/strong> und die notwendige Ausr\u00fcstung (<strong>Sportschuhe<\/strong>);<\/li><li><strong>Nur der F\u00fchrer ist daf\u00fcr verantwortlich, die Aktivit\u00e4t zu initiieren, fortzusetzen oder zu beenden.<\/strong>. Abh\u00e4ngig von den klimatischen Bedingungen, der F\u00e4higkeit oder Gesundheit der Teilnehmer sowie allen anderen Parametern, die er f\u00fcr entscheidend h\u00e4lt.<\/li><\/ul>    <\/div>\n<\/div>\n<!-- \/module text -->        <\/div>\n                        <\/div>\n        <\/div>\n        <\/div>\n<!--\/themify_builder_content-->","protected":false},"excerpt":{"rendered":"<p>Conditions g\u00e9n\u00e9rales de vente Comment Participer&nbsp;? Toute personne souhaitant participer aux activit\u00e9s propos\u00e9es: canyoning, escalade, via-ferrata\/cordata, Randonn\u00e9e ainsi que l\u2019aqua-rando, le rafting et autres disciplines associ\u00e9es ,doit respecter les conditions de s\u00e9curit\u00e9 et prendre connaissance des conditions g\u00e9n\u00e9rales de vente&nbsp;: Au Bureau des Guides de Canyon: 3, Rue Mazeau 04120 Castellane Sur ce site internet. [&hellip;]<\/p>\n","protected":false},"author":778,"featured_media":0,"parent":0,"menu_order":0,"comment_status":"closed","ping_status":"closed","template":"","meta":{"_monsterinsights_skip_tracking":false,"_monsterinsights_sitenote_active":false,"_monsterinsights_sitenote_note":"","_monsterinsights_sitenote_category":0,"footnotes":""},"class_list":["post-2165","page","type-page","status-publish","hentry","has-post-title","has-post-date","has-post-category","has-post-tag","has-post-comment","has-post-author",""],"builder_content":"<h1>Conditions g\u00e9n\u00e9rales de vente<\/h1><h2>Comment Participer ?<\/h2><p>Toute personne souhaitant participer aux activit\u00e9s propos\u00e9es: canyoning, escalade, via-ferrata\/cordata, Randonn\u00e9e ainsi que l\u2019aqua-rando, le rafting et autres disciplines associ\u00e9es ,doit respecter les conditions de s\u00e9curit\u00e9 et prendre connaissance des conditions g\u00e9n\u00e9rales de vente :<\/p><ul><li>Au Bureau des Guides de Canyon: 3, Rue Mazeau 04120 Castellane<\/li><li>Sur ce site internet.<\/li><\/ul><h2>Comment s'inscrire ?<\/h2><ul><li>Au Bureau des Guides de Canyon : 3, Rue Mazeau 04120 Castellane;<\/li><li>sur ce site internet via le formulaire de contact<\/li><li>par t\u00e9l\u00e9phone au 04 92 83 05 64.<\/li><\/ul><p><strong>Toute personne<\/strong> (sauf mineurs) <strong>devra apposer son mon et pr\u00e9nom ainsi que sa signature<\/strong> sur le bon de prestation apr\u00e8s avoir approuv\u00e9 les conditions g\u00e9n\u00e9rales de vente.<\/p><p>Lors de l\u2019inscription directement au \u00ab Bureau des Guides de Canyon \u00bb l\u2019int\u00e9gralit\u00e9 de la prestation devra \u00eatre r\u00e9gl\u00e9e.<\/p><p>Sur le site internet, des arrhes vous seront demand\u00e9s \u00e0 hauteur de 50 % du prix total de la prestation. Le solde devra nous parvenir 7 jours avant la date de l\u2019activit\u00e9 choisie (nous transmettre le bon de prestation par email ou par courrier postal).<\/p><h2>Comment annuler une inscription ?<\/h2><p>Vous avez vers\u00e9 des arrhes ou pay\u00e9 l\u2019int\u00e9gralit\u00e9 de la prestation, si vous d\u00e9cidez d\u2019annuler une l\u2019inscription : cela doit se faire 7 jours avant la date de participation \u00e0 l\u2019activit\u00e9 (par courrier postal ou e-mail), dans ce cas les arrhes vous seront rembours\u00e9s.<\/p><p><strong>Si ce d\u00e9lai (de 7 jours n\u2019est pas respect\u00e9) alors les arrhes (50%) ne vous seront pas restitu\u00e9s.<\/strong><\/p><p>Si nous sommes oblig\u00e9s d\u2019annuler une prestation pour des raisons de s\u00e9curit\u00e9, alors la <strong>totalit\u00e9 de la prestation vous sera rembours\u00e9e<\/strong> (sans indemnit\u00e9 compensatrice).<\/p><h2>R\u00e8gles de s\u00e9curit\u00e9 :<\/h2><ul><li><strong>Obligation de savoir nager<\/strong> pour tous les participants souhaitant pratiquer les activit\u00e9s aquatiques;<\/li><li><strong>Autorisation parentale<\/strong> <strong>obligatoire<\/strong> pour les mineurs \u00e2g\u00e9s de moins 18 ans acquis d\u00e9sirant pratiquer les activit\u00e9s. Chaque guide au sein du bureau des guides de canyon se r\u00e9serve le droit de d\u00e9cider de l\u2019age minimum des mineurs pour participer aux activit\u00e9s;<\/li><li><strong>Ne pas presenter de contre indication m\u00e9dicale<\/strong> ou, dans le cas ou celle-ci soit minime, en avertir le guide;<\/li><li><strong>Respect des consignes de s\u00e9curit\u00e9<\/strong> prodigu\u00e9es par le guide ainsi que des \u00e9quipements n\u00e9cessaires (<strong>chaussures de sport<\/strong>);<\/li><li><strong>Seul le guide est responsable d'initier, poursuivre ou arr\u00eater l'activit\u00e9<\/strong>. En fonction des conditions climatiques, de l\u2019aptitude ou de la sant\u00e9 des participants ainsi que de tout autres param\u00e8tres qu\u2019il estime d\u00e9terminant.<\/li><\/ul>","_links":{"self":[{"href":"https:\/\/www.experience-verdon.com\/de\/wp-json\/wp\/v2\/pages\/2165","targetHints":{"allow":["GET"]}}],"collection":[{"href":"https:\/\/www.experience-verdon.com\/de\/wp-json\/wp\/v2\/pages"}],"about":[{"href":"https:\/\/www.experience-verdon.com\/de\/wp-json\/wp\/v2\/types\/page"}],"author":[{"embeddable":true,"href":"https:\/\/www.experience-verdon.com\/de\/wp-json\/wp\/v2\/users\/778"}],"replies":[{"embeddable":true,"href":"https:\/\/www.experience-verdon.com\/de\/wp-json\/wp\/v2\/comments?post=2165"}],"version-history":[{"count":0,"href":"https:\/\/www.experience-verdon.com\/de\/wp-json\/wp\/v2\/pages\/2165\/revisions"}],"wp:attachment":[{"href":"https:\/\/www.experience-verdon.com\/de\/wp-json\/wp\/v2\/media?parent=2165"}],"curies":[{"name":"wp","href":"https:\/\/api.w.org\/{rel}","templated":true}]}}