{"id":4223,"date":"2024-07-10T10:23:02","date_gmt":"2024-07-10T08:23:02","guid":{"rendered":"https:\/\/experience-verdon.crackerstech.com\/?page_id=4223"},"modified":"2024-07-10T10:23:02","modified_gmt":"2024-07-10T08:23:02","slug":"form","status":"publish","type":"page","link":"https:\/\/www.experience-verdon.com\/en\/formulaire\/","title":{"rendered":"Form"},"content":{"rendered":"<!--themify_builder_content-->\n<div id=\"themify_builder_content-4223\" data-postid=\"4223\" class=\"themify_builder_content themify_builder_content-4223 themify_builder tf_clear\">\n                    <div  data-lazy=\"1\" class=\"module_row themify_builder_row tb_3s1o175 tb_first tf_w\">\n                        <div class=\"row_inner col_align_top tb_col_count_1 tf_box tf_rel\">\n                        <div  data-lazy=\"1\" class=\"module_column tb-column col-full tb_n0gw177 first\">\n                    <!-- module plain text -->\n<div  class=\"module module-plain-text tb_qyi9822 \" data-lazy=\"1\">\n        <div class=\"tb_text_wrap\">\n    <style id=\"wpforms-css-vars-4215\">\n\t\t\t\t#wpforms-4215 {\n\t\t\t\t--wpforms-field-size-input-height: 43px;\n--wpforms-field-size-input-spacing: 15px;\n--wpforms-field-size-font-size: 16px;\n--wpforms-field-size-line-height: 19px;\n--wpforms-field-size-padding-h: 14px;\n--wpforms-field-size-checkbox-size: 16px;\n--wpforms-field-size-sublabel-spacing: 5px;\n--wpforms-field-size-icon-size: 1;\n--wpforms-label-size-font-size: 16px;\n--wpforms-label-size-line-height: 19px;\n--wpforms-label-size-sublabel-font-size: 14px;\n--wpforms-label-size-sublabel-line-height: 17px;\n--wpforms-button-size-font-size: 17px;\n--wpforms-button-size-height: 41px;\n--wpforms-button-size-padding-h: 15px;\n--wpforms-button-size-margin-top: 10px;\n--wpforms-container-shadow-size-box-shadow: none;\n\t\t\t}\n\t\t\t<\/style><div class=\"wpforms-container wpforms-container-full wpforms-render-modern\" id=\"wpforms-4215\"><form id=\"wpforms-form-4215\" class=\"wpforms-validate wpforms-form wpforms-ajax-form\" data-formid=\"4215\" method=\"post\" enctype=\"multipart\/form-data\" action=\"\/en\/wp-json\/wp\/v2\/pages\/4223\" data-token=\"a3aa618522f5693da5b636dfc41fa947\" data-token-time=\"1777698152\"><noscript class=\"wpforms-error-noscript\">Please enable JavaScript in your browser to complete this form.<\/noscript><div id=\"wpforms-error-noscript\" style=\"display: none;\">Please enable JavaScript in your browser to complete this form.<\/div><div class=\"wpforms-field-container\">\t\t<div id=\"wpforms-4215-field_1-container\"\n\t\t\tclass=\"wpforms-field wpforms-field-text\"\n\t\t\tdata-field-type=\"text\"\n\t\t\tdata-field-id=\"1\"\n\t\t\t>\n\t\t\t<label class=\"wpforms-field-label\" for=\"wpforms-4215-field_1\" >vous canyon pr\u00e9nom<\/label>\n\t\t\t<input type=\"text\" id=\"wpforms-4215-field_1\" class=\"wpforms-field-medium\" name=\"wpforms[fields][1]\" >\n\t\t<\/div>\n\t\t<div id=\"wpforms-4215-field_17-container\" class=\"wpforms-field wpforms-field-text\" data-field-id=\"17\"><label class=\"wpforms-field-label\" for=\"wpforms-4215-field_17\">Nom et pr\u00e9nom de la personne responsable <span class=\"wpforms-required-label\" aria-hidden=\"true\">*<\/span><\/label><input type=\"text\" id=\"wpforms-4215-field_17\" class=\"wpforms-field-medium wpforms-field-required\" name=\"wpforms[fields][17]\" aria-errormessage=\"wpforms-4215-field_17-error\" required><\/div><div id=\"wpforms-4215-field_4-container\" class=\"wpforms-field wpforms-field-phone\" data-field-id=\"4\"><label class=\"wpforms-field-label\" for=\"wpforms-4215-field_4\">T\u00e9l\u00e9phone <span class=\"wpforms-required-label\" aria-hidden=\"true\">*<\/span><\/label><input type=\"tel\" id=\"wpforms-4215-field_4\" class=\"wpforms-field-medium wpforms-field-required wpforms-smart-phone-field\" data-rule-smart-phone-field=\"true\" name=\"wpforms[fields][4]\" aria-label=\"T\u00e9l\u00e9phone\" aria-errormessage=\"wpforms-4215-field_4-error\" required><\/div><div id=\"wpforms-4215-field_5-container\" class=\"wpforms-field wpforms-field-email\" data-field-id=\"5\"><label class=\"wpforms-field-label\" for=\"wpforms-4215-field_5\">E-mail <span class=\"wpforms-required-label\" aria-hidden=\"true\">*<\/span><\/label><input type=\"email\" id=\"wpforms-4215-field_5\" class=\"wpforms-field-medium wpforms-field-required\" name=\"wpforms[fields][5]\" spellcheck=\"false\" aria-errormessage=\"wpforms-4215-field_5-error\" required><\/div><div id=\"wpforms-4215-field_6-container\" class=\"wpforms-field wpforms-field-radio\" data-field-id=\"6\"><fieldset><legend class=\"wpforms-field-label\">Votre choix de canyoning<\/legend><ul id=\"wpforms-4215-field_6\"><li class=\"choice-0 depth-1\"><input type=\"radio\" id=\"wpforms-4215-field_6_0\" name=\"wpforms[fields][6]\" value=\"4033\" aria-errormessage=\"wpforms-4215-field_6_0-error\"  ><label class=\"wpforms-field-label-inline\" for=\"wpforms-4215-field_6_0\">Aiglun<\/label><\/li><li class=\"choice-1 depth-1\"><input type=\"radio\" id=\"wpforms-4215-field_6_1\" name=\"wpforms[fields][6]\" value=\"4031\" aria-errormessage=\"wpforms-4215-field_6_1-error\"  ><label class=\"wpforms-field-label-inline\" for=\"wpforms-4215-field_6_1\">Aiglun Freeride<\/label><\/li><li class=\"choice-2 depth-1\"><input type=\"radio\" id=\"wpforms-4215-field_6_2\" name=\"wpforms[fields][6]\" value=\"4034\" aria-errormessage=\"wpforms-4215-field_6_2-error\"  ><label class=\"wpforms-field-label-inline\" for=\"wpforms-4215-field_6_2\">Haut-Jabron<\/label><\/li><li class=\"choice-3 depth-1\"><input type=\"radio\" id=\"wpforms-4215-field_6_3\" name=\"wpforms[fields][6]\" value=\"4022\" aria-errormessage=\"wpforms-4215-field_6_3-error\"  ><label class=\"wpforms-field-label-inline\" for=\"wpforms-4215-field_6_3\">Kid's Canyon<\/label><\/li><li class=\"choice-4 depth-1\"><input type=\"radio\" id=\"wpforms-4215-field_6_4\" name=\"wpforms[fields][6]\" value=\"4035\" aria-errormessage=\"wpforms-4215-field_6_4-error\"  ><label class=\"wpforms-field-label-inline\" for=\"wpforms-4215-field_6_4\">L\u2019imbut<\/label><\/li><li class=\"choice-5 depth-1\"><input type=\"radio\" id=\"wpforms-4215-field_6_5\" name=\"wpforms[fields][6]\" value=\"4032\" aria-errormessage=\"wpforms-4215-field_6_5-error\"  ><label class=\"wpforms-field-label-inline\" for=\"wpforms-4215-field_6_5\">La Lance<\/label><\/li><li class=\"choice-6 depth-1\"><input type=\"radio\" id=\"wpforms-4215-field_6_6\" name=\"wpforms[fields][6]\" value=\"3958\" aria-errormessage=\"wpforms-4215-field_6_6-error\"  ><label class=\"wpforms-field-label-inline\" for=\"wpforms-4215-field_6_6\">Le Mas<\/label><\/li><li class=\"choice-7 depth-1\"><input type=\"radio\" id=\"wpforms-4215-field_6_7\" name=\"wpforms[fields][6]\" value=\"4028\" aria-errormessage=\"wpforms-4215-field_6_7-error\"  ><label class=\"wpforms-field-label-inline\" for=\"wpforms-4215-field_6_7\">Riolan<\/label><\/li><li class=\"choice-8 depth-1\"><input type=\"radio\" id=\"wpforms-4215-field_6_8\" name=\"wpforms[fields][6]\" value=\"4036\" aria-errormessage=\"wpforms-4215-field_6_8-error\"  ><label class=\"wpforms-field-label-inline\" for=\"wpforms-4215-field_6_8\">Siagne de la Pare<\/label><\/li><li class=\"choice-9 depth-1\"><input type=\"radio\" id=\"wpforms-4215-field_6_9\" name=\"wpforms[fields][6]\" value=\"3996\" aria-errormessage=\"wpforms-4215-field_6_9-error\"  ><label class=\"wpforms-field-label-inline\" for=\"wpforms-4215-field_6_9\">St-Auban<\/label><\/li><li class=\"choice-10 depth-1\"><input type=\"radio\" id=\"wpforms-4215-field_6_10\" name=\"wpforms[fields][6]\" value=\"4037\" aria-errormessage=\"wpforms-4215-field_6_10-error\"  ><label class=\"wpforms-field-label-inline\" for=\"wpforms-4215-field_6_10\">Val d\u2019Angouire<\/label><\/li><\/ul><\/fieldset><\/div><div id=\"wpforms-4215-field_7-container\" class=\"wpforms-field wpforms-field-textarea\" data-field-id=\"7\"><label class=\"wpforms-field-label\" for=\"wpforms-4215-field_7\">Si vous avez un doute, expliquez nous le type d&#039;experience canyon attendue<\/label><textarea id=\"wpforms-4215-field_7\" class=\"wpforms-field-medium\" name=\"wpforms[fields][7]\" aria-errormessage=\"wpforms-4215-field_7-error\" ><\/textarea><\/div><div id=\"wpforms-4215-field_8-container\" class=\"wpforms-field wpforms-field-date-time\" data-field-id=\"8\"><label class=\"wpforms-field-label\" for=\"wpforms-4215-field_8\">Date souhait\u00e9e<\/label><div class=\"wpforms-datepicker-wrap\"><input type=\"text\" id=\"wpforms-4215-field_8\" class=\"wpforms-field-date-time-date wpforms-datepicker wpforms-field-medium\" data-date-format=\"m\/d\/Y\" data-disable-past-dates=\"0\" data-input=\"true\" name=\"wpforms[fields][8][date]\" aria-errormessage=\"wpforms-4215-field_8-error\" ><a title=\"Clear Date\" data-clear role=\"button\" tabindex=\"0\" class=\"wpforms-datepicker-clear\" aria-label=\"Clear Date\" style=\"display:none;\"><\/a><\/div><\/div><div id=\"wpforms-4215-field_9-container\" class=\"wpforms-field wpforms-field-textarea\" data-field-id=\"9\"><label class=\"wpforms-field-label\" for=\"wpforms-4215-field_9\">Autres dates possibles<\/label><textarea id=\"wpforms-4215-field_9\" class=\"wpforms-field-medium\" name=\"wpforms[fields][9]\" placeholder=\"Si vous avez d&#039;autres dates possibles, merci de nous les pr\u00e9ciser comme \u00e7a nous pourrons vous organiser au mieux votre exp\u00e9rience de canyoning\" aria-errormessage=\"wpforms-4215-field_9-error\" ><\/textarea><\/div><div id=\"wpforms-4215-field_11-container\" class=\"wpforms-field wpforms-field-repeater wpforms-field-repeater-display-blocks\" data-rows-min=\"1\" data-rows-max=\"10\" data-clone-num=\"2\" data-field-id=\"11\"><h3 class=\"wpforms-field-label\">\n\t\t\t\tParticipant\n\t\t\t<\/h3><div id=\"wpforms-4215-field_11-description\" class=\"wpforms-field-description\">Pour chaque participant, merci de nous donner son nom, pr\u00e9nom, taille et poids. Cliquez sur le + pour ajouter autant de participants que n\u00e9c\u00e9ssaire.<\/div><input type=\"hidden\" class=\"wpforms-field-repeater-clone-list\" name=\"wpforms[fields][11][clone_list]\" value=\"[]\"><script type=\"text\/html\" class=\"tmpl-wpforms-field-repeater-template-11-4215\"><div id=\"wpforms-4215-repeater-field_11-clone_{CLONE}\" class=\"wpforms-field-repeater-clone-wrap\" data-clone=\"{CLONE}\">\n\t\t\t\t<h3 class=\"wpforms-field-repeater-block-title\">\n\t\t\t\tParticipant <span class=\"wpforms-wpforms-field-repeater-block-num\">#{CLONE}<\/span>\n\t\t\t<\/h3><div class=\"wpforms-field-description\">Pour chaque participant, merci de nous donner son nom, pr\u00e9nom, taille et poids. Cliquez sur le + pour ajouter autant de participants que n\u00e9c\u00e9ssaire.<\/div><div class=\"wpforms-field-layout-rows wpforms-field-medium wpforms-field-repeater-display-blocks wpforms-field-repeater-preset-50-25-25\"><div class=\"wpforms-layout-row\"><div class=\"wpforms-layout-column wpforms-layout-column-50\"><div id=\"wpforms-4215-field_12_{CLONE}-container\" class=\"wpforms-field wpforms-field-name\" data-field-id=\"12_{CLONE}\"><label class=\"wpforms-field-label\" for=\"wpforms-4215-field_12_{CLONE}\">Nom et pr\u00e9nom<\/label><input type=\"text\" id=\"wpforms-4215-field_12_{CLONE}\" class=\"wpforms-field-medium\" name=\"wpforms[fields][12_{CLONE}]\" aria-errormessage=\"wpforms-4215-field_12_{CLONE}-error\" ><\/div><\/div><div class=\"wpforms-layout-column wpforms-layout-column-25\"><div id=\"wpforms-4215-field_13_{CLONE}-container\" class=\"wpforms-field wpforms-field-number\" data-field-id=\"13_{CLONE}\"><label class=\"wpforms-field-label\" for=\"wpforms-4215-field_13_{CLONE}\">Taille (cm)<\/label><input type=\"number\" id=\"wpforms-4215-field_13_{CLONE}\" class=\"wpforms-field-medium\" name=\"wpforms[fields][13_{CLONE}]\" step=\"any\" aria-errormessage=\"wpforms-4215-field_13_{CLONE}-error\" ><\/div><\/div><div class=\"wpforms-layout-column wpforms-layout-column-25\"><div id=\"wpforms-4215-field_16_{CLONE}-container\" class=\"wpforms-field wpforms-field-number\" data-field-id=\"16_{CLONE}\"><label class=\"wpforms-field-label\" for=\"wpforms-4215-field_16_{CLONE}\">Poids (kg)<\/label><input type=\"number\" id=\"wpforms-4215-field_16_{CLONE}\" class=\"wpforms-field-medium\" name=\"wpforms[fields][16_{CLONE}]\" step=\"any\" aria-errormessage=\"wpforms-4215-field_16_{CLONE}-error\" ><\/div><\/div><\/div><\/div><div class=\"wpforms-field-repeater-display-blocks-buttons\" data-button-type=\"buttons_with_icons\">\n\t\t\t\t<button type=\"button\" class=\"wpforms-field-repeater-button-add\">\n\t\t\t\t\t<svg width=\"16\" height=\"17\" fill=\"none\" xmlns=\"http:\/\/www.w3.org\/2000\/svg\"><path d=\"M12.129 7.984v1.032a.392.392 0 0 1-.387.387H8.903v2.839a.392.392 0 0 1-.387.387H7.484a.373.373 0 0 1-.387-.387V9.403H4.258a.373.373 0 0 1-.387-.387V7.984c0-.194.161-.387.387-.387h2.839V4.758c0-.193.161-.387.387-.387h1.032c.194 0 .387.194.387.387v2.839h2.839c.193 0 .387.193.387.387ZM16 8.5c0 4.42-3.58 8-8 8s-8-3.58-8-8 3.58-8 8-8 8 3.58 8 8Zm-1.548 0c0-3.548-2.904-6.452-6.452-6.452A6.45 6.45 0 0 0 1.548 8.5 6.43 6.43 0 0 0 8 14.952 6.45 6.45 0 0 0 14.452 8.5Z\" fill=\"currentColor\"\/><\/svg><span>Ajouter<\/span>\n\t\t\t\t<\/button>\n\t\t\t\t<button type=\"button\" class=\"wpforms-field-repeater-button-remove wpforms-disabled\">\n\t\t\t\t\t<svg width=\"16\" height=\"17\" fill=\"none\" xmlns=\"http:\/\/www.w3.org\/2000\/svg\"><path d=\"M4.258 9.403a.373.373 0 0 1-.387-.387V7.984c0-.194.161-.387.387-.387h7.484c.193 0 .387.193.387.387v1.032a.392.392 0 0 1-.387.387H4.258ZM16 8.5c0 4.42-3.58 8-8 8s-8-3.58-8-8 3.58-8 8-8 8 3.58 8 8Zm-1.548 0c0-3.548-2.904-6.452-6.452-6.452A6.45 6.45 0 0 0 1.548 8.5 6.43 6.43 0 0 0 8 14.952 6.45 6.45 0 0 0 14.452 8.5Z\" fill=\"currentColor\"\/><\/svg><span>Retirer<\/span>\n\t\t\t\t<\/button>\n\t\t\t<\/div>\n\t\t\t<\/div><\/script><div class=\"wpforms-field-layout-rows wpforms-field-medium wpforms-field-repeater-display-blocks wpforms-field-repeater-preset-50-25-25\"><div class=\"wpforms-layout-row\"><div class=\"wpforms-layout-column wpforms-layout-column-50\"><div id=\"wpforms-4215-field_12-container\" class=\"wpforms-field wpforms-field-name\" data-field-id=\"12\"><label class=\"wpforms-field-label\" for=\"wpforms-4215-field_12\">Nom et pr\u00e9nom<\/label><input type=\"text\" id=\"wpforms-4215-field_12\" class=\"wpforms-field-medium\" name=\"wpforms[fields][12]\" aria-errormessage=\"wpforms-4215-field_12-error\" ><\/div><\/div><div class=\"wpforms-layout-column wpforms-layout-column-25\"><div id=\"wpforms-4215-field_13-container\" class=\"wpforms-field wpforms-field-number\" data-field-id=\"13\"><label class=\"wpforms-field-label\" for=\"wpforms-4215-field_13\">Taille (cm)<\/label><input type=\"number\" id=\"wpforms-4215-field_13\" class=\"wpforms-field-medium\" name=\"wpforms[fields][13]\" step=\"any\" aria-errormessage=\"wpforms-4215-field_13-error\" ><\/div><\/div><div class=\"wpforms-layout-column wpforms-layout-column-25\"><div id=\"wpforms-4215-field_16-container\" class=\"wpforms-field wpforms-field-number\" data-field-id=\"16\"><label class=\"wpforms-field-label\" for=\"wpforms-4215-field_16\">Poids (kg)<\/label><input type=\"number\" id=\"wpforms-4215-field_16\" class=\"wpforms-field-medium\" name=\"wpforms[fields][16]\" step=\"any\" aria-errormessage=\"wpforms-4215-field_16-error\" ><\/div><\/div><\/div><\/div><div class=\"wpforms-field-repeater-display-blocks-buttons\" data-button-type=\"buttons_with_icons\">\n\t\t\t\t<button type=\"button\" class=\"wpforms-field-repeater-button-add\">\n\t\t\t\t\t<svg width=\"16\" height=\"17\" fill=\"none\" xmlns=\"http:\/\/www.w3.org\/2000\/svg\"><path d=\"M12.129 7.984v1.032a.392.392 0 0 1-.387.387H8.903v2.839a.392.392 0 0 1-.387.387H7.484a.373.373 0 0 1-.387-.387V9.403H4.258a.373.373 0 0 1-.387-.387V7.984c0-.194.161-.387.387-.387h2.839V4.758c0-.193.161-.387.387-.387h1.032c.194 0 .387.194.387.387v2.839h2.839c.193 0 .387.193.387.387ZM16 8.5c0 4.42-3.58 8-8 8s-8-3.58-8-8 3.58-8 8-8 8 3.58 8 8Zm-1.548 0c0-3.548-2.904-6.452-6.452-6.452A6.45 6.45 0 0 0 1.548 8.5 6.43 6.43 0 0 0 8 14.952 6.45 6.45 0 0 0 14.452 8.5Z\" fill=\"currentColor\"\/><\/svg><span>Ajouter<\/span>\n\t\t\t\t<\/button>\n\t\t\t\t<button type=\"button\" class=\"wpforms-field-repeater-button-remove wpforms-disabled\">\n\t\t\t\t\t<svg width=\"16\" height=\"17\" fill=\"none\" xmlns=\"http:\/\/www.w3.org\/2000\/svg\"><path d=\"M4.258 9.403a.373.373 0 0 1-.387-.387V7.984c0-.194.161-.387.387-.387h7.484c.193 0 .387.193.387.387v1.032a.392.392 0 0 1-.387.387H4.258ZM16 8.5c0 4.42-3.58 8-8 8s-8-3.58-8-8 3.58-8 8-8 8 3.58 8 8Zm-1.548 0c0-3.548-2.904-6.452-6.452-6.452A6.45 6.45 0 0 0 1.548 8.5 6.43 6.43 0 0 0 8 14.952 6.45 6.45 0 0 0 14.452 8.5Z\" fill=\"currentColor\"\/><\/svg><span>Retirer<\/span>\n\t\t\t\t<\/button>\n\t\t\t<\/div><\/div><div id=\"wpforms-4215-field_14-container\" class=\"wpforms-field wpforms-field-textarea\" data-field-id=\"14\"><label class=\"wpforms-field-label\" for=\"wpforms-4215-field_14\">Autres informations \u00e0 nous fournir<\/label><textarea id=\"wpforms-4215-field_14\" class=\"wpforms-field-medium\" name=\"wpforms[fields][14]\" placeholder=\"N&#039;h\u00e9sitez pas \u00e0 nous en dire plus....\" aria-errormessage=\"wpforms-4215-field_14-error\" ><\/textarea><\/div><div id=\"wpforms-4215-field_18-container\" class=\"wpforms-field wpforms-field-captcha\" data-field-id=\"18\"><label class=\"wpforms-field-label\" for=\"wpforms-4215-field_18\">Confirmez que vous n&#039;\u00eates pas un robot <span class=\"wpforms-required-label\" aria-hidden=\"true\">*<\/span><\/label><p id=\"wpforms-4215-field_18-question\" class=\"wpforms-captcha-question\">Combien font 7\u00a0+\u00a0quatre\u00a0?<\/p>\n\t\t<input type=\"text\" id=\"wpforms-4215-field_18\" class=\"wpforms-field-medium wpforms-field-required a\" data-rule-wpf-captcha=\"qa\" data-is-wrapped-field=\"1\" data-a=\"11\" name=\"wpforms[fields][18][a]\" aria-errormessage=\"wpforms-4215-field_18-error\" aria-describedby=\"wpforms-4215-field_18-question\" required>\n\t\t<input type=\"hidden\" name=\"wpforms[fields][18][q]\" value=\"1\">\n\n\t\t<\/div><script>\n\t\t\t\t( function() {\n\t\t\t\t\tconst style = document.createElement( 'style' );\n\t\t\t\t\tstyle.appendChild( document.createTextNode( '#wpforms-4215-field_1-container { position: absolute !important; overflow: hidden !important; display: inline !important; height: 1px !important; width: 1px !important; z-index: -1000 !important; padding: 0 !important; } #wpforms-4215-field_1-container input { visibility: hidden; } #wpforms-conversational-form-page #wpforms-4215-field_1-container label { counter-increment: none; }' ) );\n\t\t\t\t\tdocument.head.appendChild( style );\n\t\t\t\t\tdocument.currentScript?.remove();\n\t\t\t\t} )();\n\t\t\t<\/script><\/div><!-- .wpforms-field-container --><div class=\"wpforms-submit-container\" ><input type=\"hidden\" name=\"wpforms[id]\" value=\"4215\"><input type=\"hidden\" name=\"page_title\" value=\"\"><input type=\"hidden\" name=\"page_url\" value=\"https:\/\/www.experience-verdon.com\/en\/wp-json\/wp\/v2\/pages\/4223\"><input type=\"hidden\" name=\"url_referer\" value=\"\"><button type=\"submit\" name=\"wpforms[submit]\" id=\"wpforms-submit-4215\" class=\"wpforms-submit\" data-alt-text=\"Envoi...\" data-submit-text=\"Envoyer\" aria-live=\"assertive\" value=\"wpforms-submit\">Envoyer<\/button><img loading=\"lazy\" decoding=\"async\" src=\"https:\/\/www.experience-verdon.com\/wp-content\/plugins\/wpforms\/assets\/images\/submit-spin.svg\" class=\"wpforms-submit-spinner\" style=\"display: none;\" width=\"26\" height=\"26\" alt=\"Loading\"><\/div><\/form><\/div>  <!-- .wpforms-container -->    <\/div>\n<\/div>\n<!-- \/module plain text -->        <\/div>\n                        <\/div>\n        <\/div>\n        <\/div>\n<!--\/themify_builder_content-->","protected":false},"excerpt":{"rendered":"","protected":false},"author":778,"featured_media":0,"parent":0,"menu_order":0,"comment_status":"closed","ping_status":"closed","template":"","meta":{"_monsterinsights_skip_tracking":false,"_monsterinsights_sitenote_active":false,"_monsterinsights_sitenote_note":"","_monsterinsights_sitenote_category":0,"footnotes":""},"class_list":["post-4223","page","type-page","status-publish","hentry","has-post-title","has-post-date","has-post-category","has-post-tag","has-post-comment","has-post-author",""],"builder_content":"[wpforms id=\"4215\" title=\"false\"]","_links":{"self":[{"href":"https:\/\/www.experience-verdon.com\/en\/wp-json\/wp\/v2\/pages\/4223","targetHints":{"allow":["GET"]}}],"collection":[{"href":"https:\/\/www.experience-verdon.com\/en\/wp-json\/wp\/v2\/pages"}],"about":[{"href":"https:\/\/www.experience-verdon.com\/en\/wp-json\/wp\/v2\/types\/page"}],"author":[{"embeddable":true,"href":"https:\/\/www.experience-verdon.com\/en\/wp-json\/wp\/v2\/users\/778"}],"replies":[{"embeddable":true,"href":"https:\/\/www.experience-verdon.com\/en\/wp-json\/wp\/v2\/comments?post=4223"}],"version-history":[{"count":0,"href":"https:\/\/www.experience-verdon.com\/en\/wp-json\/wp\/v2\/pages\/4223\/revisions"}],"wp:attachment":[{"href":"https:\/\/www.experience-verdon.com\/en\/wp-json\/wp\/v2\/media?parent=4223"}],"curies":[{"name":"wp","href":"https:\/\/api.w.org\/{rel}","templated":true}]}}