{"id":2219,"date":"2024-05-10T08:26:25","date_gmt":"2024-05-10T08:26:25","guid":{"rendered":"https:\/\/www.pro-canyon.com\/?page_id=2219"},"modified":"2024-07-03T19:08:58","modified_gmt":"2024-07-03T17:08:58","slug":"enlaces-utiles","status":"publish","type":"page","link":"https:\/\/www.experience-verdon.com\/es\/liens-utiles\/","title":{"rendered":"Enlaces \u00fatiles"},"content":{"rendered":"<!--themify_builder_content-->\n<div id=\"themify_builder_content-2219\" data-postid=\"2219\" class=\"themify_builder_content themify_builder_content-2219 themify_builder tf_clear\">\n                    <div  data-lazy=\"1\" class=\"module_row themify_builder_row tb_rmp4990 tb_first tf_w\">\n                        <div class=\"row_inner col_align_top tb_col_count_1 tf_box tf_rel\">\n                        <div  data-lazy=\"1\" class=\"module_column tb-column col-full tb_67wb990 first\">\n                    <!-- module text -->\n<div  class=\"module module-text tb_5jgh318\" data-lazy=\"1\">\n        <div  class=\"tb_text_wrap\">\n        <h1>Enlaces \u00fatiles<\/h1>    <\/div>\n<\/div>\n<!-- \/module text --><!-- module text -->\n<div  class=\"module module-text tb_zc4c163\" data-lazy=\"1\">\n        <div  class=\"tb_text_wrap\">\n        <h2>Oficinas de turismo :<\/h2>\n<ul>\n<li>Oficina de Turismo de Castellane:\u00a0<a href=\"http:\/\/www.castellane.org\/\" target=\"_blank\" rel=\"noopener\">www.castellane.org<\/a><\/li>\n<li>Oficina de Turismo de St Andr\u00e9 les Alpes:\u00a0<a href=\"http:\/\/www.ot-st-andre-les-alpes.fr\/\" target=\"_blank\" rel=\"noopener\">www.ot-st-andre-les-alpes.fr<\/a><\/li>\n<li>Oficina de Turismo de Annot:\u00a0<a href=\"http:\/\/www.annot.com\/\" target=\"_blank\" rel=\"noopener\">www.annot.com<\/a><\/li>\n<li>Colmars les alpes : <a href=\"http:\/\/www.colmars-les-alpes.fr\/eau_vive.html\" target=\"_blank\" rel=\"noopener\">www.colmars-les-alpes.fr\/eau_vive.html<\/a><\/li>\n<\/ul>\n<h2>Socios de la actividad :<\/h2>\n<ul>\n<li>Nuestro socio de barrancos\/escaladas\/Via-ferrata en Ard\u00e8che, Camargue y C\u00e9v\u00e8nes Muratti Adventure: <a href=\"http:\/\/muratti.adventures.free.fr\/\" target=\"_blank\" rel=\"noopener\">muratti.aventuras.libres.fr<\/a><\/li>\n<li>Nuestro querido colega ingl\u00e9s, Alan Carne, cuya experiencia en escalada es incuestionable, un nadador de combate inimitable e indestructible:\u00a0<a href=\"http:\/\/www.alanduverdon.com\/\" target=\"_blank\" rel=\"noopener\">www.alanduverdon.com<\/a><\/li>\n<li>Agencia de eventos y n\u00e1utica Natrium: el lugar de referencia en las calas de Marsella para alquileres y servicios n\u00e1uticos. <a href=\"http:\/\/www.natrium.fr\/index.php\" target=\"_blank\" rel=\"noopener\">www.natrium.fr<\/a><\/li>\n<li>un equipo totalmente nuevo para todo tipo de deportes a\u00e9reos en la zona alta y media del Verdon, un equipo magn\u00edficamente competente, cualificado y divertido. Equipo en \u00f3ptimas condiciones y adaptado al nivel de los participantes. <a href=\"http:\/\/www.haut-les-mains.fr\/\" target=\"_blank\" rel=\"noopener\">www.haut-les-mains.fr<\/a><\/li>\n<\/ul>\n<ul>\n<li>Foros de escalada, Camp to camp podr\u00e1n informarle tanto para su viaje al Verdon como para un viaje al extranjero:\u00a0<a href=\"http:\/\/www.camptocamp.org\/\" target=\"_blank\" rel=\"noopener\">www.camptocamp.org<\/a>.<\/li>\n<li>Dos compa\u00f1eros de monta\u00f1a, barranquismo, escalada y v\u00edas ferratas en el 05:\u00a0<a href=\"http:\/\/www.earthclimbing.com\/\" target=\"_blank\" rel=\"noopener\">www.earthclimbing.com<\/a>\u00a0y\u00a0<a href=\"http:\/\/www.talweg.net\/\" target=\"_blank\" rel=\"noopener\">www.talweg.net<\/a><\/li>\n<\/ul>\n<h2>Campings :<\/h2>\n<ul>\n<li>Camping du lac \u00e0 St julien du Verdon: un camping muy acogedor y sombreado a orillas del lago de Castillon, lejos del bullicio de Castellan pero muy cerca de muchas de nuestras actividades. <a href=\"http:\/\/www.camping-stjulien-verdon.com\/\" target=\"_blank\" rel=\"noopener\">www.camping-stjulien-verdon.com<\/a><\/li>\n<li>Le camping des collines, a las afueras de Castellane, muy aislado en un precioso pinar con una piscina de ensue\u00f1o junto a la que acabamos de instalar un curso de aventura. Marit y Arie le dar\u00e1n la bienvenida con cuidado y...en Francais... <a href=\"http:\/\/www.rcn-campings.fr\/rcn-les-collines-de-castellane\/nieuw--adventure-park-op-de-camping.htm?steID=14&amp;itmID=31823\" target=\"_blank\" rel=\"noopener\">www.rcn-campings.fr\/rcn-les-collines-de-castellane<\/a><\/li>\n<li>El camping naturista m\u00e1s salvaje del Verdon, con vistas al lago Castillon. Los simp\u00e1ticos Annemiek y Justus te dar\u00e1n la bienvenida.\u00a0<a href=\"http:\/\/www.castillondeprovence.com\/\" target=\"_blank\" rel=\"noopener\">www.castillondeprovence.com<\/a>.<\/li>\n<\/ul>\n<ul>\n<li>Un camping (y snack bar) encantador y tranquilo en St Auban, muy cerca del valle del Est\u00e9ron donde se encuentran la mayor\u00eda de los ca\u00f1ones, ideal para una escapada deportiva: La Pinatelle\u00a0<a href=\"http:\/\/www.camping-saintauban.com\/\" target=\"_blank\" rel=\"noopener\">www.camping-saintauban.com<\/a><\/li>\n<li>Camping les iscles en St andr\u00e9 les alpes, un camping en un bonito pinar, muy cerca del Verdon y del Lac de Castillon:\u00a0<a href=\"http:\/\/www.camping-les-iscles.com\/\" target=\"_blank\" rel=\"noopener\">www.camping-les-iscles.com<\/a>\u00a0<\/li>\n<\/ul>\n<h2>Restaurantes :<\/h2>\n<ul>\n<li>Un lugar estupendo para comer en un marco espl\u00e9ndido a la entrada de las gargantas,\u00a0<a href=\"https:\/\/auberge-pointsublime.com\" target=\"_blank\" rel=\"noopener\">El auberge du point sublime<\/a>. Le recibir\u00e1 una aut\u00e9ntica familia de pioneros de las gargantas: tel. 0492836035.<\/li>\n<li>Un marco medieval austero pero lujoso, situado en el castillo del magn\u00edfico pueblo provenzal de Trigance:\u00a0<a href=\"http:\/\/www.chateau-de-trigance.fr\/\" target=\"_blank\" rel=\"noopener\">www.chateau-de-trigance.fr<\/a>tel: 0494769118.<\/li>\n<\/ul>\n<h2>Sitios web amigos :<\/h2>\n<ul>\n<li>Como su nombre indica, este sitio le ayudar\u00e1 a encontrar alojamiento y actividades en la regi\u00f3n que elija.\u00a0<a title=\"cay\u00f3n\" href=\"http:\/\/www.nature-location.com\/annuaire\/sports-deau-vive-c-360.html\" target=\"_blank\" rel=\"noopener\">deporte en aguas bravas<\/a><\/li>\n<li>Suele ser el campamento base de nuestras excursiones de fin de semana, con buena comida en un peque\u00f1o pueblo justo al final de dos de los ca\u00f1ones m\u00e1s bonitos del sureste, as\u00ed que... vamos all\u00ed a menudo. Puedes pasar la noche all\u00ed, comer o simplemente tomar algo. <a href=\"http:\/\/www.auberge-aiglun.com\/fr_FR\/\" target=\"_blank\" rel=\"noopener\">www.auberge-aiglun.com\/fr_FR<\/a><\/li>\n<li>Atacamag, la revista en l\u00ednea de viajes y deportes en la naturaleza:\u00a0<a href=\"http:\/\/www.atacamag.com\/\" target=\"_blank\" rel=\"noopener\">www.atacamag.com<\/a><\/li>\n<li>escalada, barranquismo y via ferrata en el jura.\u00a0<a href=\"http:\/\/www.escalade-canyoning-jura.com\/\" target=\"_blank\" rel=\"noopener\">www.escalade-canyoning-jura.com<\/a><\/li>\n<li>Descubra la belleza del Jura de una forma diferente:\u00a0<a href=\"http:\/\/www.escalade-canyoning-jura.com\/\" target=\"_blank\" rel=\"noopener\">www.escalade-canyoning-jura.com<\/a><\/li>\n<li>Ventaja de la cuerda:\u00a0<a href=\"http:\/\/www.atoutcorde.com\/\" target=\"_blank\" rel=\"noopener\">www.atoutcorde.com<\/a>\u00a0<\/li>\n<li>V\u00eda Ferrata de la Grande Fistoire: en los Alpes de Haute-Provence, una v\u00eda ferrata variada con pasarela, 3 tirolinas, puente nepal\u00ed, abierta todos los d\u00edas, alquiler de material in situ:\u00a0<a href=\"http:\/\/www.viaferrata-alpes.com\/\" target=\"_blank\" rel=\"noopener\">www.viaferrata-alpes.com<\/a><\/li>\n<li>La invenci\u00f3n del sistema ESCALARBRE ha democratizado la escalada. Con ESCALARBRE, la escalada se practica en un nuevo entorno. Ya sea en el bosque o en un entorno urbano, cada \u00e1rbol se convierte en un patio de recreo para j\u00f3venes y mayores. ESCALARBRE se vende a parques de aventura, clubes de escalada, autoridades locales y organizadores de eventos deportivos.\u00a0<a href=\"http:\/\/www.escalarbre.com\/\" target=\"_blank\" rel=\"noopener\">www.escalarbre.com<\/a><\/li>\n<\/ul>\n<ul>\n<li><a href=\"http:\/\/www.rocapic.com\/article.php3?id_article=3\" target=\"_blank\" rel=\"noopener\">Rocapic<\/a>tienda de escalada\u00a0<\/li>\n<li>ESCAPADAS. Club de barranquismo en C\u00f3rcega. Monitores titulados. Excursiones de un d\u00eda y de medio d\u00eda.\u00a0<a href=\"http:\/\/www.lesescapades.com\/\" target=\"_blank\" rel=\"noopener\">www.lesescapades.com\u00a0<\/a><\/li>\n<li>OUEDS &amp; RIOS \" Le Martinet \" - 04340 MEOLANS Tel : 04.92.85.58.29 - 06.12.51.21.42 Email : pierrelafay@ouedsrios.com\u00a0<a href=\"http:\/\/www.ouedsrios.com\/\" target=\"_blank\" rel=\"noopener\">www.ouedsrios.com<\/a><\/li>\n<li>Descubra la escalada, el barranquismo y las v\u00edas ferratas en Midi-Pyr\u00e9n\u00e9es. Nuestros monitores te mostrar\u00e1n los parajes naturales m\u00e1s bellos.\u00a0<a href=\"http:\/\/www.roc-et-nature.fr\/\" target=\"_blank\" rel=\"noopener\">www.roc-et-nature.fr<\/a><\/li>\n<li><a href=\"http:\/\/www.evasion64.fr\/\" target=\"_blank\" rel=\"noopener\">Evasi\u00f3n 64\u00a0<\/a><\/li>\n<li>D\u00e9jese guiar por los ca\u00f1ones m\u00e1s bellos de los Pirineos Occidentales y por los acantilados de aqu\u00ed o de otros lugares. Jean Roussie, experimentado gu\u00eda de escalada y barranquismo, ofrece cursos de iniciaci\u00f3n y perfeccionamiento en entornos excepcionales para salidas inolvidables.\u00a0<a href=\"http:\/\/www.escalade-canyoning.com\/\" target=\"_blank\" rel=\"noopener\">www.escalade-canyoning.com<\/a>\u00a0<\/li>\n<\/ul>    <\/div>\n<\/div>\n<!-- \/module text -->        <\/div>\n                        <\/div>\n        <\/div>\n        <\/div>\n<!--\/themify_builder_content-->","protected":false},"excerpt":{"rendered":"<p>Lien utiles Offices de tourismes&nbsp;: Office de tourisme de Castellane:\u00a0www.castellane.org Office de tourisme de St Andr\u00e9 les alpes:\u00a0www.ot-st-andre-les-alpes.fr Office de tourisme d\u2019Annot:\u00a0www.annot.com Colmars les alpes&nbsp;: www.colmars-les-alpes.fr\/eau_vive.html Partenaires activit\u00e9s&nbsp;: Notre partenaire canyoning\/escalade\/Via-ferrata en ard\u00e8che, Camargue et C\u00e9v\u00e8nes Muratti Adventure: muratti.adventures.free.fr Notre cher coll\u00e8gue anglais,\u00a0Alan Carne, dont l\u2019exp\u00e9rience en escalade n\u2019est plus \u00e0 prouver, inimitable et indestructible [&hellip;]<\/p>\n","protected":false},"author":778,"featured_media":0,"parent":0,"menu_order":0,"comment_status":"closed","ping_status":"closed","template":"","meta":{"_monsterinsights_skip_tracking":false,"_monsterinsights_sitenote_active":false,"_monsterinsights_sitenote_note":"","_monsterinsights_sitenote_category":0,"footnotes":""},"class_list":["post-2219","page","type-page","status-publish","hentry","has-post-title","has-post-date","has-post-category","has-post-tag","has-post-comment","has-post-author",""],"builder_content":"<h1>Lien utiles<\/h1>\n<h2>Offices de tourismes :<\/h2> <ul> <li>Office de tourisme de Castellane:\u00a0<a href=\"http:\/\/www.castellane.org\/\" target=\"_blank\" rel=\"noopener\">www.castellane.org<\/a><\/li> <li>Office de tourisme de St Andr\u00e9 les alpes:\u00a0<a href=\"http:\/\/www.ot-st-andre-les-alpes.fr\/\" target=\"_blank\" rel=\"noopener\">www.ot-st-andre-les-alpes.fr<\/a><\/li> <li>Office de tourisme d\u2019Annot:\u00a0<a href=\"http:\/\/www.annot.com\/\" target=\"_blank\" rel=\"noopener\">www.annot.com<\/a><\/li> <li>Colmars les alpes : <a href=\"http:\/\/www.colmars-les-alpes.fr\/eau_vive.html\" target=\"_blank\" rel=\"noopener\">www.colmars-les-alpes.fr\/eau_vive.html<\/a><\/li> <\/ul> <h2>Partenaires activit\u00e9s :<\/h2> <ul> <li>Notre partenaire canyoning\/escalade\/Via-ferrata en ard\u00e8che, Camargue et C\u00e9v\u00e8nes Muratti Adventure: <a href=\"http:\/\/muratti.adventures.free.fr\/\" target=\"_blank\" rel=\"noopener\">muratti.adventures.free.fr<\/a><\/li> <li>Notre cher coll\u00e8gue anglais,\u00a0Alan Carne, dont l\u2019exp\u00e9rience en escalade n\u2019est plus \u00e0 prouver, inimitable et indestructible nageur de combat:\u00a0<a href=\"http:\/\/www.alanduverdon.com\/\" target=\"_blank\" rel=\"noopener\">www.alanduverdon.com<\/a><\/li> <li>Agence d\u2019\u00e9v\u00e9nementiel et nautisme Natrium: incontournables sur les calanques de Marseille pour la location ou la prestation concernant le nautisme. <a href=\"http:\/\/www.natrium.fr\/index.php\">www.natrium.fr<\/a><\/li> <li>une \u00e9quipe toute fraiche pour les types de glisse a\u00e9rienne daans la zone du haut et du moyen Verdon, \u00e9quipe super comp\u00e9tente, diplom\u00e9e, rigolote. Matos en super \u00e9tat et adapt\u00e9 au niveau des participants, bat\u00e9mes, stages, perf.. <a href=\"http:\/\/www.haut-les-mains.fr\/\" target=\"_blank\" rel=\"noopener\">www.haut-les-mains.fr<\/a><\/li> <\/ul> <ul> <li>Forums d\u2019escalade, Camp to camp pourra aussi bien vous informer pour votre trip dans le Verdon que pour un voyage \u00e0 l\u2019\u00e9tranger:\u00a0<a href=\"http:\/\/www.camptocamp.org\/\" target=\"_blank\" rel=\"noopener\">www.camptocamp.org<\/a>.<\/li> <li>Deux partenaires montagne, canyoning, escalade\u00a0et via-ferrata dans le 05:\u00a0<a href=\"http:\/\/www.earthclimbing.com\/\" target=\"_blank\" rel=\"noopener\">www.earthclimbing.com<\/a>\u00a0et\u00a0<a href=\"http:\/\/www.talweg.net\/\" target=\"_blank\" rel=\"noopener\">www.talweg.net<\/a><\/li> <\/ul> <h2>Campings :<\/h2> <ul> <li>Camping du lac \u00e0 St julien du Verdon: un camping tr\u00e8s accueillant et ombrageux au bord du lac de Castillon, loin du tumulte Castellanais mais tr\u00e8s proche de beaucoup de nos activit\u00e9s. <a href=\"http:\/\/www.camping-stjulien-verdon.com\/\" target=\"_blank\" rel=\"noopener\">www.camping-stjulien-verdon.com<\/a><\/li> <li>Le camping des collines, juste \u00e0 la sortie de Castellane, tr\u00e8s isol\u00e9 dans une belle pin\u00e8de avec une piscine de r\u00eave \u00e0 cot\u00e9 de laquelle nous venons d'installer un parcours aventure. Marit et Arie vous accueillerons avec soins et...en Francais.. <a href=\"http:\/\/www.rcn-campings.fr\/rcn-les-collines-de-castellane\/nieuw--adventure-park-op-de-camping.htm?steID=14&amp;itmID=31823\" target=\"_blank\" rel=\"noopener\">www.rcn-campings.fr\/rcn-les-collines-de-castellane<\/a><\/li> <li>Le camping naturiste le plus sauvage du Verdon, surplombant le lac de Castillon. Vous serez re\u00e7u par les tr\u00e9s accueillants\u00a0 Annemiek et Justus\u00a0<a href=\"http:\/\/www.castillondeprovence.com\/\" target=\"_blank\" rel=\"noopener\">www.castillondeprovence.com<\/a>.<\/li> <\/ul> <ul> <li>Un camping (et snack) charmant et calme \u00e0 St Auban, donc tr\u00e9s proche de la vall\u00e9e de l'Est\u00e9ron ou se trouvent la majorit\u00e9 des canyons, id\u00e9al pour un s\u00e9jour sportif: La Pinatelle\u00a0<a href=\"http:\/\/www.camping-saintauban.com\/\" target=\"_blank\" rel=\"noopener\">www.camping-saintauban.com<\/a><\/li> <li>Camping les iscles \u00e0 St andr\u00e9 les alpes, un camping dans une belle pin\u00e9de, tr\u00e9s proche du Verdon et du lac de Castillon:\u00a0<a href=\"http:\/\/www.camping-les-iscles.com\/\" target=\"_blank\" rel=\"noopener\">www.camping-les-iscles.com<\/a>\u00a0<\/li> <\/ul> <h2>Restaurants :<\/h2> <ul> <li>Une super table dans le splendide cadre de l'entr\u00e9e des gorges,\u00a0<a href=\"https:\/\/auberge-pointsublime.com\" target=\"_blank\" rel=\"noopener\">L'auberge du point sublime<\/a>. Vous serez acceuillis par une authentique famille de pionniers des gorges: tel. 0492836035.<\/li> <li>Une cadre m\u00e9di\u00e9val aust\u00e9re mais luxueux, le tout dans\u00a0le chateau du magnifique village provencal de Trigance:\u00a0<a href=\"http:\/\/www.chateau-de-trigance.fr\/\" target=\"_blank\" rel=\"noopener\">www.chateau-de-trigance.fr<\/a>,\u00a0 t\u00e9l : 0494769118.<\/li> <\/ul> <h2>Sites amis :<\/h2> <ul> <li>Comme son nom l'indique, un site pour vous aider \u00e0 trouver h\u00e9bergements et activit\u00e9s dans la r\u00e9gion de votre choix.\u00a0<a title=\"cayon\" href=\"http:\/\/www.nature-location.com\/annuaire\/sports-deau-vive-c-360.html\" target=\"_blank\" rel=\"noopener\">sport d'eau vive<\/a><\/li> <li>C'est souvent le camp de bas de nos sorties week-end, on y mange bien dans un petit village juste \u00e0 l'arriv\u00e9e de deux des plus bueaux canyons du sud est alors...on y va souvent. Possibilit\u00e9 d'y passer la nuit, d'y d\u00e9jeuner ou simplement d'y boire un coup\" <a href=\"http:\/\/www.auberge-aiglun.com\/fr_FR\/\" target=\"_blank\" rel=\"noopener\">www.auberge-aiglun.com\/fr_FR<\/a><\/li> <li>Atacamag, le magazine en ligne du voyage et des sports nature:\u00a0<a href=\"http:\/\/www.atacamag.com\/\" target=\"_blank\" rel=\"noopener\">www.atacamag.com<\/a><\/li> <li>escalade, canyoning, via ferrata dans le jura.\u00a0<a href=\"http:\/\/www.escalade-canyoning-jura.com\/\" target=\"_blank\" rel=\"noopener\">www.escalade-canyoning-jura.com<\/a><\/li> <li>Pour d\u00e9couvrir les beaut\u00e9s du jura diff\u00e9remment:\u00a0<a href=\"http:\/\/www.escalade-canyoning-jura.com\/\">www.escalade-canyoning-jura.com<\/a><\/li> <li>Atout corde:\u00a0<a href=\"http:\/\/www.atoutcorde.com\/\" target=\"_blank\" rel=\"noopener\">www.atoutcorde.com<\/a>\u00a0<\/li> <li>Via Ferrata de la Grande Fistoire : dans les Alpes de Haute-Provence, une via ferrata variee avec passerelle, 3 tyroliennes, pont nepalais, ouverte tous les jours, location de materiel sur place:\u00a0<a href=\"http:\/\/www.viaferrata-alpes.com\/\" target=\"_blank\" rel=\"noopener\">www.viaferrata-alpes.com<\/a><\/li> <li>L'invention du syst\u00e8me ESCALARBRE permet de d\u00e9mocratiser l'escalade. Avec ESCALARBRE l'escalade se pratique dans un nouvel environnement. En for\u00eat ou en milieu urbain, chaque arbre devient le terrain de jeux, de sport des grands et petits. ESCALARBRE est commercialis\u00e9 dans le domaine des parcs aventure des clubs d'escalade, \u00e9galement aupr\u00e8s des collectivit\u00e9s locales, aupr\u00e8s des organisateurs d\u2019\u00e9v\u00e9nements sportifs (manifestation sportive etc\u2026).\u00a0<a href=\"http:\/\/www.escalarbre.com\/\" target=\"_blank\" rel=\"noopener\">www.escalarbre.com<\/a><\/li> <\/ul> <ul> <li><a href=\"http:\/\/www.rocapic.com\/article.php3?id_article=3\" target=\"_blank\" rel=\"noopener\">Rocapic<\/a>: magazin d'escalade\u00a0<\/li> <li>ESCAPADES. Club de canyoning en CORSE. Moniteurs dipl\u00f4m\u00e9s. Sorties journ\u00e9e ou demi-journ\u00e9e.\u00a0<a href=\"http:\/\/www.lesescapades.com\/\" target=\"_blank\" rel=\"noopener\">www.lesescapades.com\u00a0<\/a><\/li> <li>OUEDS &amp; RIOS \"Le Martinet\" - 04340 MEOLANS T\u00e9l : 04.92.85.58.29 - 06.12.51.21.42 Email : pierrelafay@ouedsrios.com\u00a0<a href=\"http:\/\/www.ouedsrios.com\/\" target=\"_blank\" rel=\"noopener\">www.ouedsrios.com<\/a><\/li> <li>D\u00e9couvrez l'escalade, le canyon et la via ferrata en Midi-Pyr\u00e9n\u00e9es. Nos moniteurs vous ferons d\u00e9couvrir les plus beaux sites naturels.\u00a0<a href=\"http:\/\/www.roc-et-nature.fr\/\" target=\"_blank\" rel=\"noopener\">www.roc-et-nature.fr<\/a><\/li> <li><a href=\"http:\/\/www.evasion64.fr\/\" target=\"_blank\" rel=\"noopener\">Evasion 64\u00a0<\/a><\/li> <li>Laissez vous guider dans les plus beaux canyons des Pyr\u00e9n\u00e9es occidentales et sur les falaises d'ici ou d'ailleurs. Jean Roussie, guide escalade et canyoning exp\u00e9riment\u00e9 vous propose initiation et perfectionnement dans des cadres exceptionnels pour des sorties inoubliables.\u00a0<a href=\"http:\/\/www.escalade-canyoning.com\/\" target=\"_blank\" rel=\"noopener\">www.escalade-canyoning.com<\/a>\u00a0<\/li> <\/ul>","_links":{"self":[{"href":"https:\/\/www.experience-verdon.com\/es\/wp-json\/wp\/v2\/pages\/2219","targetHints":{"allow":["GET"]}}],"collection":[{"href":"https:\/\/www.experience-verdon.com\/es\/wp-json\/wp\/v2\/pages"}],"about":[{"href":"https:\/\/www.experience-verdon.com\/es\/wp-json\/wp\/v2\/types\/page"}],"author":[{"embeddable":true,"href":"https:\/\/www.experience-verdon.com\/es\/wp-json\/wp\/v2\/users\/778"}],"replies":[{"embeddable":true,"href":"https:\/\/www.experience-verdon.com\/es\/wp-json\/wp\/v2\/comments?post=2219"}],"version-history":[{"count":0,"href":"https:\/\/www.experience-verdon.com\/es\/wp-json\/wp\/v2\/pages\/2219\/revisions"}],"wp:attachment":[{"href":"https:\/\/www.experience-verdon.com\/es\/wp-json\/wp\/v2\/media?parent=2219"}],"curies":[{"name":"wp","href":"https:\/\/api.w.org\/{rel}","templated":true}]}}