{"id":4256,"date":"2024-07-13T21:48:54","date_gmt":"2024-07-13T19:48:54","guid":{"rendered":"https:\/\/experience-verdon.crackerstech.com\/?page_id=4256"},"modified":"2024-07-13T21:53:50","modified_gmt":"2024-07-13T19:53:50","slug":"reserva-via-cordata","status":"publish","type":"page","link":"https:\/\/www.experience-verdon.com\/es\/reservation-via-cordata\/","title":{"rendered":"Reserva v\u00eda cordata"},"content":{"rendered":"<!--themify_builder_content-->\n<div id=\"themify_builder_content-4256\" data-postid=\"4256\" class=\"themify_builder_content themify_builder_content-4256 themify_builder tf_clear\">\n                    <div  data-zooming-bg=\"desktop\" data-css_id=\"ulbq377\" data-lazy=\"1\" class=\"module_row themify_builder_row fullwidth tb_ulbq377 tb_first tf_w\">\n            <span  class=\"builder_row_cover tf_abs\" data-lazy=\"1\"><\/span>            <div class=\"row_inner col_align_top tb_col_count_1 tf_box tf_rel\">\n                        <div  data-lazy=\"1\" class=\"module_column tb-column col-full tb_hpvp377 first\">\n                    <!-- module text -->\n<div  class=\"module module-text tb_jebf170   \" data-lazy=\"1\">\n        <div  class=\"tb_text_wrap\">\n        <h1 style=\"text-align: center;\">R\u00c9SERVATION<\/h1>    <\/div>\n<\/div>\n<!-- \/module text -->        <\/div>\n                        <\/div>\n        <\/div>\n                        <div  data-lazy=\"1\" class=\"module_row themify_builder_row tb_oehn221 tf_w wow\" data-tf-animation=\"fadeInUp\" data-tf-animation_delay=\"0.3\">\n                        <div class=\"row_inner col_align_top tb_col_count_1 tf_box tf_rel\">\n                        <div  data-lazy=\"1\" class=\"module_column tb-column col-full tb_1xgz222 first\">\n                    <!-- module text -->\n<div  class=\"module module-text tb_wm0317   \" data-lazy=\"1\">\n        <div  class=\"tb_text_wrap\">\n        <h2>Pr\u00e9-r\u00e9servez en quelques clics votre sortie via cordata avec nous<\/h2>\n<p>Merci de remplir le formulaire ci-dessous, nous pourrons ainsi r\u00e9server vos places sur la via cordata choisie. Nous vous recontacterons tr\u00e8s vite pour tout finaliser et vous expliquer comment se passera la sortie.<\/p>    <\/div>\n<\/div>\n<!-- \/module text -->        <\/div>\n                        <\/div>\n        <\/div>\n                        <div  data-lazy=\"1\" class=\"module_row themify_builder_row tb_aai3269 tf_w\">\n                        <div class=\"row_inner col_align_top tb_col_count_1 tf_box tf_rel\">\n                        <div  data-lazy=\"1\" class=\"module_column tb-column col-full tb_9gg7269 first\">\n                    <!-- module plain text -->\n<div  class=\"module module-plain-text tb_tau4942 \" data-lazy=\"1\">\n        <div class=\"tb_text_wrap\">\n    <style id=\"wpforms-css-vars-4253\">\n\t\t\t\t#wpforms-4253 {\n\t\t\t\t--wpforms-field-size-input-height: 43px;\n--wpforms-field-size-input-spacing: 15px;\n--wpforms-field-size-font-size: 16px;\n--wpforms-field-size-line-height: 19px;\n--wpforms-field-size-padding-h: 14px;\n--wpforms-field-size-checkbox-size: 16px;\n--wpforms-field-size-sublabel-spacing: 5px;\n--wpforms-field-size-icon-size: 1;\n--wpforms-label-size-font-size: 16px;\n--wpforms-label-size-line-height: 19px;\n--wpforms-label-size-sublabel-font-size: 14px;\n--wpforms-label-size-sublabel-line-height: 17px;\n--wpforms-button-size-font-size: 17px;\n--wpforms-button-size-height: 41px;\n--wpforms-button-size-padding-h: 15px;\n--wpforms-button-size-margin-top: 10px;\n--wpforms-container-shadow-size-box-shadow: none;\n\t\t\t}\n\t\t\t<\/style><div class=\"wpforms-container wpforms-container-full wpforms-render-modern\" id=\"wpforms-4253\"><form id=\"wpforms-form-4253\" class=\"wpforms-validate wpforms-form wpforms-ajax-form\" data-formid=\"4253\" method=\"post\" enctype=\"multipart\/form-data\" action=\"\/es\/wp-json\/wp\/v2\/pages\/4256\" data-token=\"bdb7db183ea4a69355652f2dc7b61182\" data-token-time=\"1776395742\"><noscript class=\"wpforms-error-noscript\">Por favor, activa JavaScript en tu navegador para completar este formulario.<\/noscript><div id=\"wpforms-error-noscript\" style=\"display: none;\">Por favor, activa JavaScript en tu navegador para completar este formulario.<\/div><div class=\"wpforms-field-container\"><div id=\"wpforms-4253-field_17-container\" class=\"wpforms-field wpforms-field-text\" data-field-id=\"17\"><label class=\"wpforms-field-label\" for=\"wpforms-4253-field_17\">Nom et pr\u00e9nom de la personne responsable <span class=\"wpforms-required-label\" aria-hidden=\"true\">*<\/span><\/label><input type=\"text\" id=\"wpforms-4253-field_17\" class=\"wpforms-field-medium wpforms-field-required\" name=\"wpforms[fields][17]\" aria-errormessage=\"wpforms-4253-field_17-error\" required><\/div><div id=\"wpforms-4253-field_4-container\" class=\"wpforms-field wpforms-field-phone\" data-field-id=\"4\"><label class=\"wpforms-field-label\" for=\"wpforms-4253-field_4\">T\u00e9l\u00e9phone <span class=\"wpforms-required-label\" aria-hidden=\"true\">*<\/span><\/label><input type=\"tel\" id=\"wpforms-4253-field_4\" class=\"wpforms-field-medium wpforms-field-required wpforms-smart-phone-field\" data-rule-smart-phone-field=\"true\" name=\"wpforms[fields][4]\" aria-label=\"T\u00e9l\u00e9phone\" aria-errormessage=\"wpforms-4253-field_4-error\" required><\/div><div id=\"wpforms-4253-field_5-container\" class=\"wpforms-field wpforms-field-email\" data-field-id=\"5\"><label class=\"wpforms-field-label\" for=\"wpforms-4253-field_5\">E-mail <span class=\"wpforms-required-label\" aria-hidden=\"true\">*<\/span><\/label><input type=\"email\" id=\"wpforms-4253-field_5\" class=\"wpforms-field-medium wpforms-field-required\" name=\"wpforms[fields][5]\" spellcheck=\"false\" aria-errormessage=\"wpforms-4253-field_5-error\" required><\/div><div id=\"wpforms-4253-field_6-container\" class=\"wpforms-field wpforms-field-radio\" data-field-id=\"6\"><fieldset><legend class=\"wpforms-field-label\">Votre choix de via cordata<\/legend><ul id=\"wpforms-4253-field_6\"><li class=\"choice-0 depth-1\"><input type=\"radio\" id=\"wpforms-4253-field_6_0\" name=\"wpforms[fields][6]\" value=\"4041\" aria-errormessage=\"wpforms-4253-field_6_0-error\"  ><label class=\"wpforms-field-label-inline\" for=\"wpforms-4253-field_6_0\">Baume aux pigeons<\/label><\/li><li class=\"choice-1 depth-1\"><input type=\"radio\" id=\"wpforms-4253-field_6_1\" name=\"wpforms[fields][6]\" value=\"4043\" aria-errormessage=\"wpforms-4253-field_6_1-error\"  ><label class=\"wpforms-field-label-inline\" for=\"wpforms-4253-field_6_1\">Chevr'haut<\/label><\/li><li class=\"choice-2 depth-1\"><input type=\"radio\" id=\"wpforms-4253-field_6_2\" name=\"wpforms[fields][6]\" value=\"4007\" aria-errormessage=\"wpforms-4253-field_6_2-error\"  ><label class=\"wpforms-field-label-inline\" for=\"wpforms-4253-field_6_2\">Couloir Samson<\/label><\/li><li class=\"choice-3 depth-1\"><input type=\"radio\" id=\"wpforms-4253-field_6_3\" name=\"wpforms[fields][6]\" value=\"4040\" aria-errormessage=\"wpforms-4253-field_6_3-error\"  ><label class=\"wpforms-field-label-inline\" for=\"wpforms-4253-field_6_3\">Mainmorte<\/label><\/li><li class=\"choice-4 depth-1\"><input type=\"radio\" id=\"wpforms-4253-field_6_4\" name=\"wpforms[fields][6]\" value=\"4042\" aria-errormessage=\"wpforms-4253-field_6_4-error\"  ><label class=\"wpforms-field-label-inline\" for=\"wpforms-4253-field_6_4\">Rando-aventure \u00e0 Annot<\/label><\/li><\/ul><\/fieldset><\/div><div id=\"wpforms-4253-field_7-container\" class=\"wpforms-field wpforms-field-textarea\" data-field-id=\"7\"><label class=\"wpforms-field-label\" for=\"wpforms-4253-field_7\">Si vous avez un doute, expliquez nous le type d&#039;exp\u00e9rience via cordata attendue<\/label><textarea id=\"wpforms-4253-field_7\" class=\"wpforms-field-medium\" name=\"wpforms[fields][7]\" aria-errormessage=\"wpforms-4253-field_7-error\" ><\/textarea><\/div>\t\t<div id=\"wpforms-4253-field_1-container\"\n\t\t\tclass=\"wpforms-field wpforms-field-text\"\n\t\t\tdata-field-type=\"text\"\n\t\t\tdata-field-id=\"1\"\n\t\t\t>\n\t\t\t<label class=\"wpforms-field-label\" for=\"wpforms-4253-field_1\" >type possibles responsable<\/label>\n\t\t\t<input type=\"text\" id=\"wpforms-4253-field_1\" class=\"wpforms-field-medium\" name=\"wpforms[fields][1]\" >\n\t\t<\/div>\n\t\t<div id=\"wpforms-4253-field_8-container\" class=\"wpforms-field wpforms-field-date-time\" data-field-id=\"8\"><label class=\"wpforms-field-label\" for=\"wpforms-4253-field_8\">Date souhait\u00e9e<\/label><div class=\"wpforms-datepicker-wrap\"><input type=\"text\" id=\"wpforms-4253-field_8\" class=\"wpforms-field-date-time-date wpforms-datepicker wpforms-field-medium\" data-date-format=\"m\/d\/Y\" data-disable-past-dates=\"0\" data-input=\"true\" name=\"wpforms[fields][8][date]\" aria-errormessage=\"wpforms-4253-field_8-error\" ><a title=\"Borrar fecha\" data-clear role=\"button\" tabindex=\"0\" class=\"wpforms-datepicker-clear\" aria-label=\"Borrar fecha\" style=\"display:none;\"><\/a><\/div><\/div><div id=\"wpforms-4253-field_9-container\" class=\"wpforms-field wpforms-field-textarea\" data-field-id=\"9\"><label class=\"wpforms-field-label\" for=\"wpforms-4253-field_9\">Autres dates possibles<\/label><textarea id=\"wpforms-4253-field_9\" class=\"wpforms-field-medium\" name=\"wpforms[fields][9]\" placeholder=\"Si vous avez d&#039;autres dates possibles, merci de nous les pr\u00e9ciser comme \u00e7a nous pourrons vous organiser au mieux votre exp\u00e9rience de via cordata\" aria-errormessage=\"wpforms-4253-field_9-error\" ><\/textarea><\/div><div id=\"wpforms-4253-field_11-container\" class=\"wpforms-field wpforms-field-repeater wpforms-field-repeater-display-blocks\" data-rows-min=\"1\" data-rows-max=\"10\" data-clone-num=\"2\" data-field-id=\"11\"><h3 class=\"wpforms-field-label\">\n\t\t\t\tParticipant\n\t\t\t<\/h3><div id=\"wpforms-4253-field_11-description\" class=\"wpforms-field-description\">Pour chaque participant, merci de nous donner son nom, pr\u00e9nom. Cliquez sur le + pour ajouter autant de participants que n\u00e9c\u00e9ssaire.<\/div><input type=\"hidden\" class=\"wpforms-field-repeater-clone-list\" name=\"wpforms[fields][11][clone_list]\" value=\"[]\"><script type=\"text\/html\" class=\"tmpl-wpforms-field-repeater-template-11-4253\"><div id=\"wpforms-4253-repeater-field_11-clone_{CLONE}\" class=\"wpforms-field-repeater-clone-wrap\" data-clone=\"{CLONE}\">\n\t\t\t\t<h3 class=\"wpforms-field-repeater-block-title\">\n\t\t\t\tParticipant <span class=\"wpforms-wpforms-field-repeater-block-num\">#{CLONE}<\/span>\n\t\t\t<\/h3><div class=\"wpforms-field-description\">Pour chaque participant, merci de nous donner son nom, pr\u00e9nom. Cliquez sur le + pour ajouter autant de participants que n\u00e9c\u00e9ssaire.<\/div><div class=\"wpforms-field-layout-rows wpforms-field-medium wpforms-field-repeater-display-blocks wpforms-field-repeater-preset-50-25-25\"><div class=\"wpforms-layout-row\"><div class=\"wpforms-layout-column wpforms-layout-column-50\"><div id=\"wpforms-4253-field_12_{CLONE}-container\" class=\"wpforms-field wpforms-field-name\" data-field-id=\"12_{CLONE}\"><label class=\"wpforms-field-label\" for=\"wpforms-4253-field_12_{CLONE}\">Nom et pr\u00e9nom<\/label><input type=\"text\" id=\"wpforms-4253-field_12_{CLONE}\" class=\"wpforms-field-medium\" name=\"wpforms[fields][12_{CLONE}]\" aria-errormessage=\"wpforms-4253-field_12_{CLONE}-error\" ><\/div><\/div><div class=\"wpforms-layout-column wpforms-layout-column-25\"><\/div><div class=\"wpforms-layout-column wpforms-layout-column-25\"><\/div><\/div><\/div><div class=\"wpforms-field-repeater-display-blocks-buttons\" data-button-type=\"buttons_with_icons\">\n\t\t\t\t<button type=\"button\" class=\"wpforms-field-repeater-button-add\">\n\t\t\t\t\t<svg width=\"16\" height=\"17\" fill=\"none\" xmlns=\"http:\/\/www.w3.org\/2000\/svg\"><path d=\"M12.129 7.984v1.032a.392.392 0 0 1-.387.387H8.903v2.839a.392.392 0 0 1-.387.387H7.484a.373.373 0 0 1-.387-.387V9.403H4.258a.373.373 0 0 1-.387-.387V7.984c0-.194.161-.387.387-.387h2.839V4.758c0-.193.161-.387.387-.387h1.032c.194 0 .387.194.387.387v2.839h2.839c.193 0 .387.193.387.387ZM16 8.5c0 4.42-3.58 8-8 8s-8-3.58-8-8 3.58-8 8-8 8 3.58 8 8Zm-1.548 0c0-3.548-2.904-6.452-6.452-6.452A6.45 6.45 0 0 0 1.548 8.5 6.43 6.43 0 0 0 8 14.952 6.45 6.45 0 0 0 14.452 8.5Z\" fill=\"currentColor\"\/><\/svg><span>Ajouter<\/span>\n\t\t\t\t<\/button>\n\t\t\t\t<button type=\"button\" class=\"wpforms-field-repeater-button-remove wpforms-disabled\">\n\t\t\t\t\t<svg width=\"16\" height=\"17\" fill=\"none\" xmlns=\"http:\/\/www.w3.org\/2000\/svg\"><path d=\"M4.258 9.403a.373.373 0 0 1-.387-.387V7.984c0-.194.161-.387.387-.387h7.484c.193 0 .387.193.387.387v1.032a.392.392 0 0 1-.387.387H4.258ZM16 8.5c0 4.42-3.58 8-8 8s-8-3.58-8-8 3.58-8 8-8 8 3.58 8 8Zm-1.548 0c0-3.548-2.904-6.452-6.452-6.452A6.45 6.45 0 0 0 1.548 8.5 6.43 6.43 0 0 0 8 14.952 6.45 6.45 0 0 0 14.452 8.5Z\" fill=\"currentColor\"\/><\/svg><span>Retirer<\/span>\n\t\t\t\t<\/button>\n\t\t\t<\/div>\n\t\t\t<\/div><\/script><div class=\"wpforms-field-layout-rows wpforms-field-medium wpforms-field-repeater-display-blocks wpforms-field-repeater-preset-50-25-25\"><div class=\"wpforms-layout-row\"><div class=\"wpforms-layout-column wpforms-layout-column-50\"><div id=\"wpforms-4253-field_12-container\" class=\"wpforms-field wpforms-field-name\" data-field-id=\"12\"><label class=\"wpforms-field-label\" for=\"wpforms-4253-field_12\">Nom et pr\u00e9nom<\/label><input type=\"text\" id=\"wpforms-4253-field_12\" class=\"wpforms-field-medium\" name=\"wpforms[fields][12]\" aria-errormessage=\"wpforms-4253-field_12-error\" ><\/div><\/div><div class=\"wpforms-layout-column wpforms-layout-column-25\"><\/div><div class=\"wpforms-layout-column wpforms-layout-column-25\"><\/div><\/div><\/div><div class=\"wpforms-field-repeater-display-blocks-buttons\" data-button-type=\"buttons_with_icons\">\n\t\t\t\t<button type=\"button\" class=\"wpforms-field-repeater-button-add\">\n\t\t\t\t\t<svg width=\"16\" height=\"17\" fill=\"none\" xmlns=\"http:\/\/www.w3.org\/2000\/svg\"><path d=\"M12.129 7.984v1.032a.392.392 0 0 1-.387.387H8.903v2.839a.392.392 0 0 1-.387.387H7.484a.373.373 0 0 1-.387-.387V9.403H4.258a.373.373 0 0 1-.387-.387V7.984c0-.194.161-.387.387-.387h2.839V4.758c0-.193.161-.387.387-.387h1.032c.194 0 .387.194.387.387v2.839h2.839c.193 0 .387.193.387.387ZM16 8.5c0 4.42-3.58 8-8 8s-8-3.58-8-8 3.58-8 8-8 8 3.58 8 8Zm-1.548 0c0-3.548-2.904-6.452-6.452-6.452A6.45 6.45 0 0 0 1.548 8.5 6.43 6.43 0 0 0 8 14.952 6.45 6.45 0 0 0 14.452 8.5Z\" fill=\"currentColor\"\/><\/svg><span>Ajouter<\/span>\n\t\t\t\t<\/button>\n\t\t\t\t<button type=\"button\" class=\"wpforms-field-repeater-button-remove wpforms-disabled\">\n\t\t\t\t\t<svg width=\"16\" height=\"17\" fill=\"none\" xmlns=\"http:\/\/www.w3.org\/2000\/svg\"><path d=\"M4.258 9.403a.373.373 0 0 1-.387-.387V7.984c0-.194.161-.387.387-.387h7.484c.193 0 .387.193.387.387v1.032a.392.392 0 0 1-.387.387H4.258ZM16 8.5c0 4.42-3.58 8-8 8s-8-3.58-8-8 3.58-8 8-8 8 3.58 8 8Zm-1.548 0c0-3.548-2.904-6.452-6.452-6.452A6.45 6.45 0 0 0 1.548 8.5 6.43 6.43 0 0 0 8 14.952 6.45 6.45 0 0 0 14.452 8.5Z\" fill=\"currentColor\"\/><\/svg><span>Retirer<\/span>\n\t\t\t\t<\/button>\n\t\t\t<\/div><\/div><div id=\"wpforms-4253-field_14-container\" class=\"wpforms-field wpforms-field-textarea\" data-field-id=\"14\"><label class=\"wpforms-field-label\" for=\"wpforms-4253-field_14\">Autres informations \u00e0 nous fournir<\/label><textarea id=\"wpforms-4253-field_14\" class=\"wpforms-field-medium\" name=\"wpforms[fields][14]\" placeholder=\"N&#039;h\u00e9sitez pas \u00e0 nous en dire plus....\" aria-errormessage=\"wpforms-4253-field_14-error\" ><\/textarea><\/div><div id=\"wpforms-4253-field_18-container\" class=\"wpforms-field wpforms-field-captcha\" data-field-id=\"18\"><label class=\"wpforms-field-label\" for=\"wpforms-4253-field_18\">Confirmez que vous n&#039;\u00eates pas un robot <span class=\"wpforms-required-label\" aria-hidden=\"true\">*<\/span><\/label><p id=\"wpforms-4253-field_18-question\" class=\"wpforms-captcha-question\">Combien font 7\u00a0plus\u00a04\u00a0?<\/p>\n\t\t<input type=\"text\" id=\"wpforms-4253-field_18\" class=\"wpforms-field-medium wpforms-field-required a\" data-rule-wpf-captcha=\"qa\" data-is-wrapped-field=\"1\" data-a=\"11\" name=\"wpforms[fields][18][a]\" aria-errormessage=\"wpforms-4253-field_18-error\" aria-describedby=\"wpforms-4253-field_18-question\" required>\n\t\t<input type=\"hidden\" name=\"wpforms[fields][18][q]\" value=\"1\">\n\n\t\t<\/div><div id=\"wpforms-4253-field_19-container\" class=\"wpforms-field wpforms-field-captcha\" data-field-id=\"19\"><label class=\"wpforms-field-label\" for=\"wpforms-4253-field_19\">CAPTCHA personnalis\u00e9 <span class=\"wpforms-required-label\" aria-hidden=\"true\">*<\/span><\/label><p id=\"wpforms-4253-field_19-question\" class=\"wpforms-captcha-question\">Combien font 7\u00a0+\u00a0quatre\u00a0?<\/p>\n\t\t<input type=\"text\" id=\"wpforms-4253-field_19\" class=\"wpforms-field-medium wpforms-field-required a\" data-rule-wpf-captcha=\"qa\" data-is-wrapped-field=\"1\" data-a=\"11\" name=\"wpforms[fields][19][a]\" aria-errormessage=\"wpforms-4253-field_19-error\" aria-describedby=\"wpforms-4253-field_19-question\" required>\n\t\t<input type=\"hidden\" name=\"wpforms[fields][19][q]\" value=\"1\">\n\n\t\t<\/div><script>\n\t\t\t\t( function() {\n\t\t\t\t\tconst style = document.createElement( 'style' );\n\t\t\t\t\tstyle.appendChild( document.createTextNode( '#wpforms-4253-field_1-container { position: absolute !important; overflow: hidden !important; display: inline !important; height: 1px !important; width: 1px !important; z-index: -1000 !important; padding: 0 !important; } #wpforms-4253-field_1-container input { visibility: hidden; } #wpforms-conversational-form-page #wpforms-4253-field_1-container label { counter-increment: none; }' ) );\n\t\t\t\t\tdocument.head.appendChild( style );\n\t\t\t\t\tdocument.currentScript?.remove();\n\t\t\t\t} )();\n\t\t\t<\/script><\/div><!-- .wpforms-field-container --><div class=\"wpforms-submit-container\" ><input type=\"hidden\" name=\"wpforms[id]\" value=\"4253\"><input type=\"hidden\" name=\"page_title\" value=\"\"><input type=\"hidden\" name=\"page_url\" value=\"https:\/\/www.experience-verdon.com\/es\/wp-json\/wp\/v2\/pages\/4256\"><input type=\"hidden\" name=\"url_referer\" value=\"\"><button type=\"submit\" name=\"wpforms[submit]\" id=\"wpforms-submit-4253\" class=\"wpforms-submit\" data-alt-text=\"Envoi...\" data-submit-text=\"Envoyer\" aria-live=\"assertive\" value=\"wpforms-submit\">Envoyer<\/button><img loading=\"lazy\" decoding=\"async\" src=\"https:\/\/www.experience-verdon.com\/wp-content\/plugins\/wpforms\/assets\/images\/submit-spin.svg\" class=\"wpforms-submit-spinner\" style=\"display: none;\" width=\"26\" height=\"26\" alt=\"Cargando\"><\/div><\/form><\/div>  <!-- .wpforms-container -->\t    <\/div>\n<\/div>\n<!-- \/module plain text -->        <\/div>\n                        <\/div>\n        <\/div>\n                        <div  data-css_id=\"l9d5493\" data-lazy=\"1\" class=\"module_row themify_builder_row fullwidth tb_l9d5493 tf_w hide-tablet hide-mobile wow\" data-tf-animation=\"fadeInUp\">\n                        <div class=\"row_inner col_align_top tb_col_count_1 tf_box tf_rel\">\n                        <div  data-lazy=\"1\" class=\"module_column tb-column col-full tb_kjvs493 first\">\n                    <!-- module image -->\n<div  class=\"module module-image tb_vgf8951 image-top   auto_fullwidth tf_mw\" data-lazy=\"1\">\n        <div class=\"image-wrap tf_rel tf_mw\">\n            <img loading=\"lazy\" decoding=\"async\" width=\"2560\" height=\"1920\" src=\"https:\/\/www.experience-verdon.com\/wp-content\/uploads\/2024\/05\/mainmorte-tyrolienne-scaled.jpg\" class=\"wp-post-image wp-image-3880\" title=\"mainmorte tyrolienne\" alt=\"mainmorte tyrolienne\" srcset=\"https:\/\/www.experience-verdon.com\/wp-content\/uploads\/2024\/05\/mainmorte-tyrolienne-scaled.jpg 2560w, https:\/\/www.experience-verdon.com\/wp-content\/uploads\/2024\/05\/mainmorte-tyrolienne-300x225.jpg 300w, https:\/\/www.experience-verdon.com\/wp-content\/uploads\/2024\/05\/mainmorte-tyrolienne-1024x768.jpg 1024w, https:\/\/www.experience-verdon.com\/wp-content\/uploads\/2024\/05\/mainmorte-tyrolienne-768x576.jpg 768w, https:\/\/www.experience-verdon.com\/wp-content\/uploads\/2024\/05\/mainmorte-tyrolienne-1536x1152.jpg 1536w, https:\/\/www.experience-verdon.com\/wp-content\/uploads\/2024\/05\/mainmorte-tyrolienne-2048x1536.jpg 2048w, https:\/\/www.experience-verdon.com\/wp-content\/uploads\/2024\/05\/mainmorte-tyrolienne-16x12.jpg 16w, https:\/\/www.experience-verdon.com\/wp-content\/uploads\/2024\/05\/mainmorte-tyrolienne-1024x768-1000x750.jpg 1000w, https:\/\/www.experience-verdon.com\/wp-content\/uploads\/2024\/05\/mainmorte-tyrolienne-1024x768-400x300.jpg 400w, https:\/\/www.experience-verdon.com\/wp-content\/uploads\/2024\/05\/mainmorte-tyrolienne-1024x768-800x600.jpg 800w\" sizes=\"auto, (max-width: 2560px) 100vw, 2560px\" \/>    \n        <\/div>\n    <!-- \/image-wrap -->\n    \n        <\/div>\n<!-- \/module image -->        <\/div>\n                        <\/div>\n        <\/div>\n        <\/div>\n<!--\/themify_builder_content-->","protected":false},"excerpt":{"rendered":"<p>RESERVA Reserva anticipada de tu salida de v\u00eda cordata con nosotros en unos pocos clics Rellena el siguiente formulario para que podamos reservar tus plazas en la v\u00eda cordata que elijas. Nos pondremos en contacto con usted lo antes posible para concretar todo y explicarle el funcionamiento de la salida.<\/p>","protected":false},"author":778,"featured_media":0,"parent":0,"menu_order":0,"comment_status":"closed","ping_status":"closed","template":"","meta":{"_monsterinsights_skip_tracking":false,"_monsterinsights_sitenote_active":false,"_monsterinsights_sitenote_note":"","_monsterinsights_sitenote_category":0,"footnotes":""},"class_list":["post-4256","page","type-page","status-publish","hentry","has-post-title","has-post-date","has-post-category","has-post-tag","has-post-comment","has-post-author",""],"builder_content":"<h1 style=\"text-align: center;\">R\u00c9SERVATION<\/h1>\n<h2>Pr\u00e9-r\u00e9servez en quelques clics votre sortie via cordata avec nous<\/h2> <p>Merci de remplir le formulaire ci-dessous, nous pourrons ainsi r\u00e9server vos places sur la via cordata choisie. Nous vous recontacterons tr\u00e8s vite pour tout finaliser et vous expliquer comment se passera la sortie.<\/p>\n[wpforms id=\"4253\"]\n<img src=\"https:\/\/www.experience-verdon.com\/wp-content\/uploads\/2024\/05\/mainmorte-tyrolienne-scaled.jpg\" title=\"mainmorte tyrolienne\" alt=\"mainmorte tyrolienne\" srcset=\"https:\/\/www.experience-verdon.com\/wp-content\/uploads\/2024\/05\/mainmorte-tyrolienne-scaled.jpg 2560w, https:\/\/www.experience-verdon.com\/wp-content\/uploads\/2024\/05\/mainmorte-tyrolienne-300x225.jpg 300w, https:\/\/www.experience-verdon.com\/wp-content\/uploads\/2024\/05\/mainmorte-tyrolienne-1024x768.jpg 1024w, https:\/\/www.experience-verdon.com\/wp-content\/uploads\/2024\/05\/mainmorte-tyrolienne-768x576.jpg 768w, https:\/\/www.experience-verdon.com\/wp-content\/uploads\/2024\/05\/mainmorte-tyrolienne-1536x1152.jpg 1536w, https:\/\/www.experience-verdon.com\/wp-content\/uploads\/2024\/05\/mainmorte-tyrolienne-2048x1536.jpg 2048w, https:\/\/www.experience-verdon.com\/wp-content\/uploads\/2024\/05\/mainmorte-tyrolienne-16x12.jpg 16w, https:\/\/www.experience-verdon.com\/wp-content\/uploads\/2024\/05\/mainmorte-tyrolienne-1024x768-1000x750.jpg 1000w, https:\/\/www.experience-verdon.com\/wp-content\/uploads\/2024\/05\/mainmorte-tyrolienne-1024x768-400x300.jpg 400w, https:\/\/www.experience-verdon.com\/wp-content\/uploads\/2024\/05\/mainmorte-tyrolienne-1024x768-800x600.jpg 800w\" sizes=\"(max-width: 2560px) 100vw, 2560px\" \/>","_links":{"self":[{"href":"https:\/\/www.experience-verdon.com\/es\/wp-json\/wp\/v2\/pages\/4256","targetHints":{"allow":["GET"]}}],"collection":[{"href":"https:\/\/www.experience-verdon.com\/es\/wp-json\/wp\/v2\/pages"}],"about":[{"href":"https:\/\/www.experience-verdon.com\/es\/wp-json\/wp\/v2\/types\/page"}],"author":[{"embeddable":true,"href":"https:\/\/www.experience-verdon.com\/es\/wp-json\/wp\/v2\/users\/778"}],"replies":[{"embeddable":true,"href":"https:\/\/www.experience-verdon.com\/es\/wp-json\/wp\/v2\/comments?post=4256"}],"version-history":[{"count":0,"href":"https:\/\/www.experience-verdon.com\/es\/wp-json\/wp\/v2\/pages\/4256\/revisions"}],"wp:attachment":[{"href":"https:\/\/www.experience-verdon.com\/es\/wp-json\/wp\/v2\/media?parent=4256"}],"curies":[{"name":"wp","href":"https:\/\/api.w.org\/{rel}","templated":true}]}}