{"id":2165,"date":"2024-05-10T07:29:07","date_gmt":"2024-05-10T07:29:07","guid":{"rendered":"https:\/\/www.pro-canyon.com\/?page_id=2165"},"modified":"2024-05-13T14:16:47","modified_gmt":"2024-05-13T14:16:47","slug":"cgv","status":"publish","type":"page","link":"https:\/\/www.experience-verdon.com\/it\/cgv\/","title":{"rendered":"TERMINI E CONDIZIONI GENERALI"},"content":{"rendered":"<!--themify_builder_content-->\n<div id=\"themify_builder_content-2165\" data-postid=\"2165\" class=\"themify_builder_content themify_builder_content-2165 themify_builder tf_clear\">\n                    <div  data-lazy=\"1\" class=\"module_row themify_builder_row tb_jla0682 tb_first tf_w\">\n                        <div class=\"row_inner col_align_top tb_col_count_1 tf_box tf_rel\">\n                        <div  data-lazy=\"1\" class=\"module_column tb-column col-full tb_5sy7682 first\">\n                    <!-- module text -->\n<div  class=\"module module-text tb_jv5a771\" data-lazy=\"1\">\n        <div  class=\"tb_text_wrap\">\n        <h1>Condizioni generali di vendita<\/h1><h2>Come posso partecipare?<\/h2><p>Chiunque desideri partecipare alle attivit\u00e0 proposte: canyoning, arrampicata, via-ferrata\/cordata, escursionismo, nonch\u00e9 aqua-rando, rafting e altre discipline associate, deve rispettare le condizioni di sicurezza e leggere le condizioni generali di vendita:<\/p><ul><li>Presso il Bureau des Guides de Canyon: 3, Rue Mazeau 04120 Castellane<\/li><li>Su questo sito web.<\/li><\/ul><h2>Come si fa a registrarsi?<\/h2><ul><li>Presso il Bureau des Guides de Canyon: 3, Rue Mazeau 04120 Castellane;<\/li><li>su questo sito web tramite il modulo di contatto<\/li><li>telefonicamente al numero 04 92 83 05 64.<\/li><\/ul><p><strong>Qualsiasi persona<\/strong> (eccetto i minori) <strong>deve firmare con nome e cognome<\/strong> sul modulo d'ordine del servizio dopo aver approvato le condizioni generali di vendita.<\/p><p>Quando ci si iscrive direttamente al \"Bureau des Guides de Canyon\", \u00e8 necessario pagare per intero il servizio.<\/p><p>Sul sito web vi verr\u00e0 chiesto di versare un acconto pari a 50 % del prezzo totale dell'attivit\u00e0. Il saldo deve essere ricevuto 7 giorni prima della data dell'attivit\u00e0 scelta (si prega di inviare il modulo di prenotazione per e-mail o per posta).<\/p><h2>Come si annulla una registrazione?<\/h2><p>Se avete pagato un acconto o l'intero prezzo dell'attivit\u00e0 e decidete di annullare la vostra prenotazione, dovete farlo 7 giorni prima della data in cui dovreste partecipare all'attivit\u00e0 (per posta o per e-mail). In questo caso, l'acconto vi sar\u00e0 rimborsato.<\/p><p><strong>Se questo periodo (di 7 giorni) non viene rispettato, il deposito (50%) non verr\u00e0 restituito.<\/strong><\/p><p>Se siamo obbligati a cancellare un servizio per motivi di sicurezza, allora la <strong>il cliente sar\u00e0 rimborsato per l'intero costo del servizio<\/strong> (senza compenso).<\/p><h2>Norme di sicurezza :<\/h2><ul><li><strong>Obbligo di saper nuotare<\/strong> per tutti i partecipanti che desiderano prendere parte alle attivit\u00e0 acquatiche;<\/li><li><strong>Autorizzazione dei genitori<\/strong> <strong>obbligatorio<\/strong> per i minori di 18 anni che desiderano partecipare alle attivit\u00e0. Ogni guida dell'ufficio delle guide di canyoning si riserva il diritto di decidere l'et\u00e0 minima per la partecipazione dei minori alle attivit\u00e0;<\/li><li><strong>Nessuna controindicazione medica<\/strong> o, se questo \u00e8 minimo, informare la guida;<\/li><li><strong>Conformit\u00e0 alle istruzioni di sicurezza<\/strong> e le attrezzature necessarie (<strong>scarpe sportive<\/strong>);<\/li><li><strong>La guida \u00e8 l'unica responsabile dell'avvio, del proseguimento o dell'interruzione dell'attivit\u00e0.<\/strong>. A seconda delle condizioni meteorologiche, della forma fisica o della salute dei partecipanti e di qualsiasi altro parametro che ritenga decisivo.<\/li><\/ul>    <\/div>\n<\/div>\n<!-- \/module text -->        <\/div>\n                        <\/div>\n        <\/div>\n        <\/div>\n<!--\/themify_builder_content-->","protected":false},"excerpt":{"rendered":"<p>Conditions g\u00e9n\u00e9rales de vente Comment Participer&nbsp;? Toute personne souhaitant participer aux activit\u00e9s propos\u00e9es: canyoning, escalade, via-ferrata\/cordata, Randonn\u00e9e ainsi que l\u2019aqua-rando, le rafting et autres disciplines associ\u00e9es ,doit respecter les conditions de s\u00e9curit\u00e9 et prendre connaissance des conditions g\u00e9n\u00e9rales de vente&nbsp;: Au Bureau des Guides de Canyon: 3, Rue Mazeau 04120 Castellane Sur ce site internet. [&hellip;]<\/p>\n","protected":false},"author":778,"featured_media":0,"parent":0,"menu_order":0,"comment_status":"closed","ping_status":"closed","template":"","meta":{"_monsterinsights_skip_tracking":false,"_monsterinsights_sitenote_active":false,"_monsterinsights_sitenote_note":"","_monsterinsights_sitenote_category":0,"footnotes":""},"class_list":["post-2165","page","type-page","status-publish","hentry","has-post-title","has-post-date","has-post-category","has-post-tag","has-post-comment","has-post-author",""],"builder_content":"<h1>Conditions g\u00e9n\u00e9rales de vente<\/h1><h2>Comment Participer ?<\/h2><p>Toute personne souhaitant participer aux activit\u00e9s propos\u00e9es: canyoning, escalade, via-ferrata\/cordata, Randonn\u00e9e ainsi que l\u2019aqua-rando, le rafting et autres disciplines associ\u00e9es ,doit respecter les conditions de s\u00e9curit\u00e9 et prendre connaissance des conditions g\u00e9n\u00e9rales de vente :<\/p><ul><li>Au Bureau des Guides de Canyon: 3, Rue Mazeau 04120 Castellane<\/li><li>Sur ce site internet.<\/li><\/ul><h2>Comment s'inscrire ?<\/h2><ul><li>Au Bureau des Guides de Canyon : 3, Rue Mazeau 04120 Castellane;<\/li><li>sur ce site internet via le formulaire de contact<\/li><li>par t\u00e9l\u00e9phone au 04 92 83 05 64.<\/li><\/ul><p><strong>Toute personne<\/strong> (sauf mineurs) <strong>devra apposer son mon et pr\u00e9nom ainsi que sa signature<\/strong> sur le bon de prestation apr\u00e8s avoir approuv\u00e9 les conditions g\u00e9n\u00e9rales de vente.<\/p><p>Lors de l\u2019inscription directement au \u00ab Bureau des Guides de Canyon \u00bb l\u2019int\u00e9gralit\u00e9 de la prestation devra \u00eatre r\u00e9gl\u00e9e.<\/p><p>Sur le site internet, des arrhes vous seront demand\u00e9s \u00e0 hauteur de 50 % du prix total de la prestation. Le solde devra nous parvenir 7 jours avant la date de l\u2019activit\u00e9 choisie (nous transmettre le bon de prestation par email ou par courrier postal).<\/p><h2>Comment annuler une inscription ?<\/h2><p>Vous avez vers\u00e9 des arrhes ou pay\u00e9 l\u2019int\u00e9gralit\u00e9 de la prestation, si vous d\u00e9cidez d\u2019annuler une l\u2019inscription : cela doit se faire 7 jours avant la date de participation \u00e0 l\u2019activit\u00e9 (par courrier postal ou e-mail), dans ce cas les arrhes vous seront rembours\u00e9s.<\/p><p><strong>Si ce d\u00e9lai (de 7 jours n\u2019est pas respect\u00e9) alors les arrhes (50%) ne vous seront pas restitu\u00e9s.<\/strong><\/p><p>Si nous sommes oblig\u00e9s d\u2019annuler une prestation pour des raisons de s\u00e9curit\u00e9, alors la <strong>totalit\u00e9 de la prestation vous sera rembours\u00e9e<\/strong> (sans indemnit\u00e9 compensatrice).<\/p><h2>R\u00e8gles de s\u00e9curit\u00e9 :<\/h2><ul><li><strong>Obligation de savoir nager<\/strong> pour tous les participants souhaitant pratiquer les activit\u00e9s aquatiques;<\/li><li><strong>Autorisation parentale<\/strong> <strong>obligatoire<\/strong> pour les mineurs \u00e2g\u00e9s de moins 18 ans acquis d\u00e9sirant pratiquer les activit\u00e9s. Chaque guide au sein du bureau des guides de canyon se r\u00e9serve le droit de d\u00e9cider de l\u2019age minimum des mineurs pour participer aux activit\u00e9s;<\/li><li><strong>Ne pas presenter de contre indication m\u00e9dicale<\/strong> ou, dans le cas ou celle-ci soit minime, en avertir le guide;<\/li><li><strong>Respect des consignes de s\u00e9curit\u00e9<\/strong> prodigu\u00e9es par le guide ainsi que des \u00e9quipements n\u00e9cessaires (<strong>chaussures de sport<\/strong>);<\/li><li><strong>Seul le guide est responsable d'initier, poursuivre ou arr\u00eater l'activit\u00e9<\/strong>. En fonction des conditions climatiques, de l\u2019aptitude ou de la sant\u00e9 des participants ainsi que de tout autres param\u00e8tres qu\u2019il estime d\u00e9terminant.<\/li><\/ul>","_links":{"self":[{"href":"https:\/\/www.experience-verdon.com\/it\/wp-json\/wp\/v2\/pages\/2165","targetHints":{"allow":["GET"]}}],"collection":[{"href":"https:\/\/www.experience-verdon.com\/it\/wp-json\/wp\/v2\/pages"}],"about":[{"href":"https:\/\/www.experience-verdon.com\/it\/wp-json\/wp\/v2\/types\/page"}],"author":[{"embeddable":true,"href":"https:\/\/www.experience-verdon.com\/it\/wp-json\/wp\/v2\/users\/778"}],"replies":[{"embeddable":true,"href":"https:\/\/www.experience-verdon.com\/it\/wp-json\/wp\/v2\/comments?post=2165"}],"version-history":[{"count":0,"href":"https:\/\/www.experience-verdon.com\/it\/wp-json\/wp\/v2\/pages\/2165\/revisions"}],"wp:attachment":[{"href":"https:\/\/www.experience-verdon.com\/it\/wp-json\/wp\/v2\/media?parent=2165"}],"curies":[{"name":"wp","href":"https:\/\/api.w.org\/{rel}","templated":true}]}}