{"id":2215,"date":"2024-05-10T08:21:07","date_gmt":"2024-05-10T08:21:07","guid":{"rendered":"https:\/\/www.pro-canyon.com\/?page_id=2215"},"modified":"2024-05-13T14:16:39","modified_gmt":"2024-05-13T14:16:39","slug":"blog","status":"publish","type":"page","link":"https:\/\/www.experience-verdon.com\/it\/blog\/","title":{"rendered":"Blog"},"content":{"rendered":"<!--themify_builder_content-->\n<div id=\"themify_builder_content-2215\" data-postid=\"2215\" class=\"themify_builder_content themify_builder_content-2215 themify_builder tf_clear\">\n                    <div  data-lazy=\"1\" class=\"module_row themify_builder_row tb_xi99900 tb_first tf_w\">\n                        <div class=\"row_inner col_align_top tb_col_count_1 tf_box tf_rel\">\n                        <div  data-lazy=\"1\" class=\"module_column tb-column col-full tb_h6yp900 first\">\n                    <!-- module text -->\n<div  class=\"module module-text tb_6zqf766\" data-lazy=\"1\">\n        <div  class=\"tb_text_wrap\">\n        <p>Nuove vie o settori boulder, ostacoli pericolosi o al contrario il flusso ottimale in un canyon, ci confrontiamo con molti altri arrampicatori e professionisti della regione e raccogliamo queste informazioni per voi. Se questo sito (al di l\u00e0 del suo aspetto commerciale) serve da interfaccia e potete trovare informazioni interessanti per la vostra pratica, ne saremo felici. Le informazioni vengono aggiornate ogni settimana e voi potete contribuire. Vedi anche TRAD ANNOT il blog delle nostre avventure, topo dei nostri nuovi percorsi e realizzazioni, Annot, Verdon, Alpi Marittime.<\/p>    <\/div>\n<\/div>\n<!-- \/module text -->        <\/div>\n                        <\/div>\n        <\/div>\n        <\/div>\n<!--\/themify_builder_content-->","protected":false},"excerpt":{"rendered":"<p>Nouvelles voies ou secteurs de blocs, obstacles dangereux ou au contraire d\u00e9bit optimal dans un canyon, nous c\u00f4toyons de nombreux autres grimpeurs et professionnels de la r\u00e9gion et collectons pour vous ces informations, que ce site (mis \u00e0 part sont aspect commercial) serve d&rsquo;interface et puissiez vous y trouver des infos int\u00e9ressantes pour votre pratique, [&hellip;]<\/p>\n","protected":false},"author":778,"featured_media":0,"parent":0,"menu_order":0,"comment_status":"closed","ping_status":"closed","template":"","meta":{"_monsterinsights_skip_tracking":false,"_monsterinsights_sitenote_active":false,"_monsterinsights_sitenote_note":"","_monsterinsights_sitenote_category":0,"footnotes":""},"class_list":["post-2215","page","type-page","status-publish","hentry","has-post-title","has-post-date","has-post-category","has-post-tag","has-post-comment","has-post-author",""],"builder_content":"<p>Nouvelles voies ou secteurs de blocs, obstacles dangereux ou au contraire d\u00e9bit optimal dans un canyon, nous c\u00f4toyons de nombreux autres grimpeurs et professionnels de la r\u00e9gion et collectons pour vous ces informations, que ce site (mis \u00e0 part sont aspect commercial) serve d'interface et puissiez vous y trouver des infos int\u00e9ressantes pour votre pratique, nous en serions heureux. Les informations sont mises \u00e0 jours chaque semaines, vous pouvez y contribuer. Voir aussi TRAD ANNOT le blog de nos aventures, les topo de nos nouvelles voies et r\u00e9alisations, Annot, Verdon, Alpes Maritimes.<\/p>","_links":{"self":[{"href":"https:\/\/www.experience-verdon.com\/it\/wp-json\/wp\/v2\/pages\/2215","targetHints":{"allow":["GET"]}}],"collection":[{"href":"https:\/\/www.experience-verdon.com\/it\/wp-json\/wp\/v2\/pages"}],"about":[{"href":"https:\/\/www.experience-verdon.com\/it\/wp-json\/wp\/v2\/types\/page"}],"author":[{"embeddable":true,"href":"https:\/\/www.experience-verdon.com\/it\/wp-json\/wp\/v2\/users\/778"}],"replies":[{"embeddable":true,"href":"https:\/\/www.experience-verdon.com\/it\/wp-json\/wp\/v2\/comments?post=2215"}],"version-history":[{"count":0,"href":"https:\/\/www.experience-verdon.com\/it\/wp-json\/wp\/v2\/pages\/2215\/revisions"}],"wp:attachment":[{"href":"https:\/\/www.experience-verdon.com\/it\/wp-json\/wp\/v2\/media?parent=2215"}],"curies":[{"name":"wp","href":"https:\/\/api.w.org\/{rel}","templated":true}]}}