{"id":2165,"date":"2024-05-10T07:29:07","date_gmt":"2024-05-10T07:29:07","guid":{"rendered":"https:\/\/www.pro-canyon.com\/?page_id=2165"},"modified":"2024-05-13T14:16:47","modified_gmt":"2024-05-13T14:16:47","slug":"cgv","status":"publish","type":"page","link":"https:\/\/www.experience-verdon.com\/nl\/cgv\/","title":{"rendered":"ALGEMENE VOORWAARDEN"},"content":{"rendered":"<!--themify_builder_content-->\n<div id=\"themify_builder_content-2165\" data-postid=\"2165\" class=\"themify_builder_content themify_builder_content-2165 themify_builder tf_clear\">\n                    <div  data-lazy=\"1\" class=\"module_row themify_builder_row tb_jla0682 tb_first tf_w\">\n                        <div class=\"row_inner col_align_top tb_col_count_1 tf_box tf_rel\">\n                        <div  data-lazy=\"1\" class=\"module_column tb-column col-full tb_5sy7682 first\">\n                    <!-- module text -->\n<div  class=\"module module-text tb_jv5a771\" data-lazy=\"1\">\n        <div  class=\"tb_text_wrap\">\n        <h1>Algemene verkoopvoorwaarden<\/h1><h2>Hoe kan ik deelnemen?<\/h2><p>Iedereen die wil deelnemen aan de aangeboden activiteiten: canyoning, klimmen, via-ferrata\/cordata, wandelen evenals aqua-rando, rafting en andere aanverwante disciplines, moet voldoen aan de veiligheidsvoorwaarden en de algemene verkoopvoorwaarden lezen:<\/p><ul><li>Bij het Bureau des Guides de Canyon: 3, Rue Mazeau 04120 Castellane<\/li><li>Op deze website.<\/li><\/ul><h2>Hoe registreer ik me?<\/h2><ul><li>Bij het Bureau des Guides de Canyon: 3, Rue Mazeau 04120 Castellane;<\/li><li>op deze website via het contactformulier<\/li><li>telefonisch op 04 92 83 05 64.<\/li><\/ul><p><strong>Elke persoon<\/strong> (behalve minderjarigen) <strong>moet zijn of haar naam en achternaam ondertekenen<\/strong> op het service bestelformulier na goedkeuring van de algemene verkoopvoorwaarden.<\/p><p>Als u zich rechtstreeks bij het \"Bureau des Guides de Canyon\" inschrijft, moet u de volledige prijs van de dienst betalen.<\/p><p>Op de website wordt een aanbetaling gevraagd van 50 % van de totale prijs van de activiteit. Het restbedrag moet 7 dagen voor de datum van de gekozen activiteit binnen zijn (stuur ons de voucher per e-mail of post).<\/p><h2>Hoe annuleer ik een registratie?<\/h2><p>Als je een aanbetaling of de volledige prijs van de activiteit hebt betaald en je besluit je boeking te annuleren, moet je dit 7 dagen voor de datum waarop je aan de activiteit zou deelnemen doen (per post of e-mail). In dit geval zal de aanbetaling worden terugbetaald.<\/p><p><strong>Als deze periode (van 7 dagen) niet wordt gerespecteerd, wordt de aanbetaling (50%) niet terugbetaald.<\/strong><\/p><p>Als we een dienst om veiligheidsredenen moeten annuleren, dan is de <strong>u de volledige kosten van de service vergoed krijgt<\/strong> (zonder compensatie).<\/p><h2>Veiligheidsregels :<\/h2><ul><li><strong>Verplichting om te kunnen zwemmen<\/strong> voor alle deelnemers die willen deelnemen aan wateractiviteiten;<\/li><li><strong>Ouderlijke toestemming<\/strong> <strong>verplicht<\/strong> voor minderjarigen onder de 18 jaar die willen deelnemen aan de activiteiten. Elke gids van het canyoninggidsenbureau behoudt zich het recht voor om te beslissen over de minimumleeftijd voor minderjarigen om deel te nemen aan de activiteiten;<\/li><li><strong>Geen medische contra-indicaties<\/strong> of informeer de gids als dit minimaal is;<\/li><li><strong>Naleving van veiligheidsinstructies<\/strong> en de benodigde apparatuur (<strong>sportschoenen<\/strong>);<\/li><li><strong>Alleen de begeleider is verantwoordelijk voor het starten, voortzetten of stoppen van de activiteit.<\/strong>. Afhankelijk van de weersomstandigheden, de fitheid of gezondheid van de deelnemers en alle andere parameters die ze van doorslaggevend belang acht.<\/li><\/ul>    <\/div>\n<\/div>\n<!-- \/module text -->        <\/div>\n                        <\/div>\n        <\/div>\n        <\/div>\n<!--\/themify_builder_content-->","protected":false},"excerpt":{"rendered":"<p>Conditions g\u00e9n\u00e9rales de vente Comment Participer&nbsp;? Toute personne souhaitant participer aux activit\u00e9s propos\u00e9es: canyoning, escalade, via-ferrata\/cordata, Randonn\u00e9e ainsi que l\u2019aqua-rando, le rafting et autres disciplines associ\u00e9es ,doit respecter les conditions de s\u00e9curit\u00e9 et prendre connaissance des conditions g\u00e9n\u00e9rales de vente&nbsp;: Au Bureau des Guides de Canyon: 3, Rue Mazeau 04120 Castellane Sur ce site internet. [&hellip;]<\/p>\n","protected":false},"author":778,"featured_media":0,"parent":0,"menu_order":0,"comment_status":"closed","ping_status":"closed","template":"","meta":{"_monsterinsights_skip_tracking":false,"_monsterinsights_sitenote_active":false,"_monsterinsights_sitenote_note":"","_monsterinsights_sitenote_category":0,"footnotes":""},"class_list":["post-2165","page","type-page","status-publish","hentry","has-post-title","has-post-date","has-post-category","has-post-tag","has-post-comment","has-post-author",""],"builder_content":"<h1>Conditions g\u00e9n\u00e9rales de vente<\/h1><h2>Comment Participer ?<\/h2><p>Toute personne souhaitant participer aux activit\u00e9s propos\u00e9es: canyoning, escalade, via-ferrata\/cordata, Randonn\u00e9e ainsi que l\u2019aqua-rando, le rafting et autres disciplines associ\u00e9es ,doit respecter les conditions de s\u00e9curit\u00e9 et prendre connaissance des conditions g\u00e9n\u00e9rales de vente :<\/p><ul><li>Au Bureau des Guides de Canyon: 3, Rue Mazeau 04120 Castellane<\/li><li>Sur ce site internet.<\/li><\/ul><h2>Comment s'inscrire ?<\/h2><ul><li>Au Bureau des Guides de Canyon : 3, Rue Mazeau 04120 Castellane;<\/li><li>sur ce site internet via le formulaire de contact<\/li><li>par t\u00e9l\u00e9phone au 04 92 83 05 64.<\/li><\/ul><p><strong>Toute personne<\/strong> (sauf mineurs) <strong>devra apposer son mon et pr\u00e9nom ainsi que sa signature<\/strong> sur le bon de prestation apr\u00e8s avoir approuv\u00e9 les conditions g\u00e9n\u00e9rales de vente.<\/p><p>Lors de l\u2019inscription directement au \u00ab Bureau des Guides de Canyon \u00bb l\u2019int\u00e9gralit\u00e9 de la prestation devra \u00eatre r\u00e9gl\u00e9e.<\/p><p>Sur le site internet, des arrhes vous seront demand\u00e9s \u00e0 hauteur de 50 % du prix total de la prestation. Le solde devra nous parvenir 7 jours avant la date de l\u2019activit\u00e9 choisie (nous transmettre le bon de prestation par email ou par courrier postal).<\/p><h2>Comment annuler une inscription ?<\/h2><p>Vous avez vers\u00e9 des arrhes ou pay\u00e9 l\u2019int\u00e9gralit\u00e9 de la prestation, si vous d\u00e9cidez d\u2019annuler une l\u2019inscription : cela doit se faire 7 jours avant la date de participation \u00e0 l\u2019activit\u00e9 (par courrier postal ou e-mail), dans ce cas les arrhes vous seront rembours\u00e9s.<\/p><p><strong>Si ce d\u00e9lai (de 7 jours n\u2019est pas respect\u00e9) alors les arrhes (50%) ne vous seront pas restitu\u00e9s.<\/strong><\/p><p>Si nous sommes oblig\u00e9s d\u2019annuler une prestation pour des raisons de s\u00e9curit\u00e9, alors la <strong>totalit\u00e9 de la prestation vous sera rembours\u00e9e<\/strong> (sans indemnit\u00e9 compensatrice).<\/p><h2>R\u00e8gles de s\u00e9curit\u00e9 :<\/h2><ul><li><strong>Obligation de savoir nager<\/strong> pour tous les participants souhaitant pratiquer les activit\u00e9s aquatiques;<\/li><li><strong>Autorisation parentale<\/strong> <strong>obligatoire<\/strong> pour les mineurs \u00e2g\u00e9s de moins 18 ans acquis d\u00e9sirant pratiquer les activit\u00e9s. Chaque guide au sein du bureau des guides de canyon se r\u00e9serve le droit de d\u00e9cider de l\u2019age minimum des mineurs pour participer aux activit\u00e9s;<\/li><li><strong>Ne pas presenter de contre indication m\u00e9dicale<\/strong> ou, dans le cas ou celle-ci soit minime, en avertir le guide;<\/li><li><strong>Respect des consignes de s\u00e9curit\u00e9<\/strong> prodigu\u00e9es par le guide ainsi que des \u00e9quipements n\u00e9cessaires (<strong>chaussures de sport<\/strong>);<\/li><li><strong>Seul le guide est responsable d'initier, poursuivre ou arr\u00eater l'activit\u00e9<\/strong>. En fonction des conditions climatiques, de l\u2019aptitude ou de la sant\u00e9 des participants ainsi que de tout autres param\u00e8tres qu\u2019il estime d\u00e9terminant.<\/li><\/ul>","_links":{"self":[{"href":"https:\/\/www.experience-verdon.com\/nl\/wp-json\/wp\/v2\/pages\/2165","targetHints":{"allow":["GET"]}}],"collection":[{"href":"https:\/\/www.experience-verdon.com\/nl\/wp-json\/wp\/v2\/pages"}],"about":[{"href":"https:\/\/www.experience-verdon.com\/nl\/wp-json\/wp\/v2\/types\/page"}],"author":[{"embeddable":true,"href":"https:\/\/www.experience-verdon.com\/nl\/wp-json\/wp\/v2\/users\/778"}],"replies":[{"embeddable":true,"href":"https:\/\/www.experience-verdon.com\/nl\/wp-json\/wp\/v2\/comments?post=2165"}],"version-history":[{"count":0,"href":"https:\/\/www.experience-verdon.com\/nl\/wp-json\/wp\/v2\/pages\/2165\/revisions"}],"wp:attachment":[{"href":"https:\/\/www.experience-verdon.com\/nl\/wp-json\/wp\/v2\/media?parent=2165"}],"curies":[{"name":"wp","href":"https:\/\/api.w.org\/{rel}","templated":true}]}}