{"id":2169,"date":"2024-05-10T07:34:16","date_gmt":"2024-05-10T07:34:16","guid":{"rendered":"https:\/\/www.pro-canyon.com\/?page_id=2169"},"modified":"2025-05-19T15:08:31","modified_gmt":"2025-05-19T13:08:31","slug":"juridische-informatie","status":"publish","type":"page","link":"https:\/\/www.experience-verdon.com\/nl\/mentions-legales\/","title":{"rendered":"Juridische informatie"},"content":{"rendered":"<!--themify_builder_content-->\n<div id=\"themify_builder_content-2169\" data-postid=\"2169\" class=\"themify_builder_content themify_builder_content-2169 themify_builder tf_clear\">\n                    <div  data-lazy=\"1\" class=\"module_row themify_builder_row tb_jla0682 tb_first tf_w\">\n                        <div class=\"row_inner col_align_top tb_col_count_1 tf_box tf_rel\">\n                        <div  data-lazy=\"1\" class=\"module_column tb-column col-full tb_5sy7682 first\">\n                    <!-- module text -->\n<div  class=\"module module-text tb_jv5a771\" data-lazy=\"1\">\n        <div  class=\"tb_text_wrap\">\n        <h1>WETTELIJKE MEDEDELINGEN<\/h1>\n<p><br>Lees deze gebruiksvoorwaarden zorgvuldig door voordat u deze site gebruikt. Door verbinding te maken met deze site accepteert u deze voorwaarden zonder voorbehoud. Ook, in overeenstemming met artikel 6 van de wet nr. 2004-575 van 21 juni 2004 betreffende het vertrouwen in de digitale economie, de personen die verantwoordelijk zijn voor deze website ervaring-verdon.com zijn :<\/p>\n<h3><strong>HET GIDSENBUREAU VOOR CANYONING<\/strong><\/h3>\n<p>SIRET-nummer: 812 255 974 00014<\/p>\n<p>Verantwoordelijke uitgever: Le bureau des guides de canyon (SARL)<br>Hoofdkantoor bastide Alexandre 04240 Annot<br>Co-regisseurs Lionel Catsoyannis en \u00c9ric Chauvir\u00e9. <br><br>E-mail : info@experience-verdon.com<br>Website: beleven-verdon.nl<\/p>\n<h3>Hosting<\/h3>\n<p>CRACKER'S TECH SARL\/S Vereenvoudigde naamloze vennootschap met een maatschappelijk kapitaal van 12.000 euro.<br>Onderneming naar Luxemburgs recht.<br>Luxemburgse bedrijfsvergunning B887404.<br>Maatschappelijke zetel: 68 M\u00fchlenweg, L-2155 Gaasperech L\u00ebtzebuerg, Luxemburg<br>Website: www.crackerstech.com<\/p>\n<h3><strong>Webontwikkeling en -ontwerp<\/strong><\/h3>\n<p>Aur\u00e9lie MZK - www.aurelie-mzk.com<\/p>    <\/div>\n<\/div>\n<!-- \/module text -->        <\/div>\n                        <\/div>\n        <\/div>\n        <\/div>\n<!--\/themify_builder_content-->","protected":false},"excerpt":{"rendered":"<p>MENTIONS L\u00c9GALES Merci de lire avec attention les diff\u00e9rentes modalit\u00e9s d\u2019utilisation du pr\u00e9sent site avant d\u2019y parcourir ses pages. En vous connectant sur ce site, vous acceptez sans r\u00e9serves les pr\u00e9sentes modalit\u00e9s. Aussi, conform\u00e9ment \u00e0 l\u2019article n\u00b06 de la Loi n\u00b02004-575 du 21 Juin 2004 pour la confiance dans l\u2019\u00e9conomie num\u00e9rique, les responsables du pr\u00e9sent [&hellip;]<\/p>\n","protected":false},"author":778,"featured_media":0,"parent":0,"menu_order":0,"comment_status":"closed","ping_status":"closed","template":"","meta":{"_monsterinsights_skip_tracking":false,"_monsterinsights_sitenote_active":false,"_monsterinsights_sitenote_note":"","_monsterinsights_sitenote_category":0,"footnotes":""},"class_list":["post-2169","page","type-page","status-publish","hentry","has-post-title","has-post-date","has-post-category","has-post-tag","has-post-comment","has-post-author",""],"builder_content":"<h1>MENTIONS L\u00c9GALES<\/h1> <p><br>Merci de lire avec attention les diff\u00e9rentes modalit\u00e9s d\u2019utilisation du pr\u00e9sent site avant d\u2019y parcourir ses pages. En vous connectant sur ce site, vous acceptez sans r\u00e9serves les pr\u00e9sentes modalit\u00e9s. Aussi, conform\u00e9ment \u00e0 l\u2019article n\u00b06 de la Loi n\u00b02004-575 du 21 Juin 2004 pour la confiance dans l\u2019\u00e9conomie num\u00e9rique, les responsables du pr\u00e9sent site internet experience-verdon.com sont :<\/p> <h3><strong>LE BUREAU DES GUIDES DE CANYON<\/strong><\/h3> <p>Num\u00e9ro SIRET : 812 255 974 00014<\/p> <p>Responsable \u00e9ditorial : Le bureau des guides de canyon (SARL)<br>Si\u00e8ge bastide Alexandre 04240 Annot<br>Co dirigeants Lionel Catsoyannis et \u00c9ric chauvir\u00e9. <br><br>Email : info@experience-verdon.com<br>Site web : experience-verdon.com<\/p> <h3>H\u00e9bergement<\/h3> <p>CRACKER'S TECH SARL\/S\u00a0Soci\u00e9t\u00e9 \u00e0 responsabilit\u00e9 limit\u00e9e simplifi\u00e9e, au capital social de 12 000 Euros.<br>Soci\u00e9t\u00e9 de droit luxembourgeois.<br>Business Permit de Luxembourg B887404.<br>Si\u00e8ge social : 68 M\u00fchlenweg, L-2155 Gaasperech L\u00ebtzebuerg, Luxembourg<br>Site Web : www.crackerstech.com<\/p> <h3><strong>D\u00e9veloppement web et design<\/strong><\/h3> <p>Aur\u00e9lie MZK \u2013 www.aurelie-mzk.com<\/p>","_links":{"self":[{"href":"https:\/\/www.experience-verdon.com\/nl\/wp-json\/wp\/v2\/pages\/2169","targetHints":{"allow":["GET"]}}],"collection":[{"href":"https:\/\/www.experience-verdon.com\/nl\/wp-json\/wp\/v2\/pages"}],"about":[{"href":"https:\/\/www.experience-verdon.com\/nl\/wp-json\/wp\/v2\/types\/page"}],"author":[{"embeddable":true,"href":"https:\/\/www.experience-verdon.com\/nl\/wp-json\/wp\/v2\/users\/778"}],"replies":[{"embeddable":true,"href":"https:\/\/www.experience-verdon.com\/nl\/wp-json\/wp\/v2\/comments?post=2169"}],"version-history":[{"count":0,"href":"https:\/\/www.experience-verdon.com\/nl\/wp-json\/wp\/v2\/pages\/2169\/revisions"}],"wp:attachment":[{"href":"https:\/\/www.experience-verdon.com\/nl\/wp-json\/wp\/v2\/media?parent=2169"}],"curies":[{"name":"wp","href":"https:\/\/api.w.org\/{rel}","templated":true}]}}